{"id":10175,"date":"2019-12-17T22:14:09","date_gmt":"2019-12-17T21:14:09","guid":{"rendered":"https:\/\/www.laurene-baldassara.com\/?post_type=product&#038;p=10175"},"modified":"2025-10-27T03:50:31","modified_gmt":"2025-10-27T02:50:31","slug":"les-pierres-et-les-troubles-orl","status":"publish","type":"product","link":"https:\/\/www.laurene-baldassara.com\/boutique\/produit\/les-pierres-et-les-troubles-orl\/","title":{"rendered":"Les pierres de la sph\u00e8re ORL"},"content":{"rendered":"","protected":false},"excerpt":{"rendered":"<h4><span style=\"color: #000000;\">Vous souhaitez d\u00e9couvrir une m\u00e9thode naturelle et \u00e9nerg\u00e9tique pour <strong>lutter contre tous les troubles ORL<\/strong> du quotidien ? Rhinite, allergies, acouph\u00e8nes, \u2026 Les pierres de la sph\u00e8re ORL n&rsquo;auront plus aucun secret pour vous ! Vous apprendrez \u00e0 les utiliser pour vous comme pour autrui, dans un cadre personnel ou professionnel (th\u00e9rapeutes \/ professionnels du bien-\u00eatre).<\/span><\/h4>\n<p><span style=\"color: #000000;\"><style id=\"sp_tabs_dynamic_css21981\">#sp-tabpro-wrapper_21981 > .sp-tab__nav {justify-content: start;}#sp-tabpro-wrapper_21981.sp-tab__lay-default > ul {gap: 1px;}#sp-tabpro-wrapper_21981 .sp-tab__nav-tabs .sp-tab__nav-link.sp-tab__active .sp-tab__tab_title {color: #8e2c94;}#sp-tabpro-wrapper_21981.sp-tab__lay-default > ul li > label,#sp-tabpro-wrapper_21981.sp-tab__lay-default > ul.sp-tab__nav > .slick-list .sp-tab__nav-item > label,#sp-tabpro-wrapper_21981.sp-tab__lay-default > ul li > a {cursor: pointer;padding-top: 15px;padding-right: 15px;padding-bottom: 15px;padding-left: 15px;box-shadow: none;}#sp-tabpro-wrapper_21981 .sp-tab__nav-tabs .sp-tab__nav-link {border: 1px solid #8e2c94;height: 100%;}#sp-tabpro-wrapper_21981.sp-tab__lay-default > ul li > label,#sp-tabpro-wrapper_21981.sp-tab__lay-default > ul li > a,#sp-tabpro-wrapper_21981.sp-tab__lay-default > ul .sp-tab__nav-item {border-top-left-radius: 2px;border-top-right-radius: 2px;}#sp-tabpro-wrapper_21981 > .sp-tab__nav-tabs .sp-tab__nav-item {margin-bottom: -1px;}#sp-tabpro-wrapper_21981 .sp-tab__nav-tabs .sp-tab__nav-item.show .sp-tab__nav-link,#sp-tabpro-wrapper_21981.sp-tab__lay-default > ul li > label.sp-tab__active {border-color: #8e2c94#8e2c94 transparent;}#sp-tabpro-wrapper_21981.sp-tab__lay-default > ul .sp-tab__nav-item .sp-tab__nav-link:not(.sp-tab__active) {background-color: #8e2c94;transition: 0.3s;}#sp-tabpro-wrapper_21981.sp-tab__lay-default .sp-tab__tab-content > .sp-tab__tab-pane .sp-tab__card-header{background-color: #8e2c94;}#sp-tabpro-wrapper_21981 .sp-tab__nav-tabs .sp-tab__nav-item.show .sp-tab__nav-link,#sp-tabpro-wrapper_21981 .sp-tab__nav-tabs .sp-tab__nav-item .sp-tab__nav-link.sp-tab__active {background-color: #ffffff;}#sp-tabpro-wrapper_21981.sp-tab__lay-default > ul .sp-tab__nav-item .sp-tab__nav-link:not(.sp-tab__active):hover,#sp-tabpro-wrapper_21981.sp-tab__lay-default .sp-tab__tab-content > .sp-tab__tab-pane .sp-tab__card-header:hover {background-color: #fff;}#sp-tabpro-wrapper_21981.tab-layout-vertical .sp-tab__nav-tabs .sp-tab__nav-item .sp-tab__nav-link {width: 100%;}#sp-tabpro-wrapper_21981.sp-tab__lay-default > ul .sp-tab__nav-item:last-child {margin-right: 0;}#sp-tabpro-wrapper_21981.sp-tab__lay-default > ul .sp-tab__nav-item label:not(.sp-tab__active):hover .sp-tab__tab_title,#sp-tabpro-wrapper_21981.sp-tab__lay-default > ul .sp-tab__nav-item a:not(.sp-tab__active):hover .sp-tab__tab_title {color: #8e2c94;transition: .3s;}#sp-tabpro-wrapper_21981.sp-tab__lay-default .sp-tab__tab-content > .sp-tab__tab-pane .sp-tab__image-wrapper {grid-gap: 24px;}#sp-tabpro-wrapper_21981.sp-tab__lay-default > ul li > label > span > i.sp-tab-fa,#sp-tabpro-wrapper_21981.sp-tab__lay-default > ul.sp-tab__nav > .slick-list .sp-tab__nav-item > label > span > i.sp-tab-fa,#sp-tabpro-wrapper_21981.sp-tab__lay-default > ul li > a > span > i.sp-tab-fa {color: #ffffff;font-size: 16px;}#sp-tabpro-wrapper_21981.sp-tab__lay-default > ul li span .tabs-custom-icon {width: 16px;max-width: 100%;}#sp-tabpro-wrapper_21981 .sp-tab__nav-tabs .sp-tab__nav-link.sp-tab__active i.sp-tab-fa,#sp-tabpro-wrapper_21981.sp-tab__lay-default > ul.sp-tab__nav > .slick-list .sp-tab__nav-item > .sp-tab__nav-link.sp-tab__active > span > i.sp-tab-fa {color: #8e2c94;}#sp-tabpro-wrapper_21981.sp-tab__lay-default ul .sp-tab__nav-item label:not(.sp-tab__active):hover i.sp-tab-fa,#sp-tabpro-wrapper_21981.sp-tab__lay-default > ul.sp-tab__nav > .slick-list .sp-tab__nav-item > label:not(.sp-tab__active):hover > span > i.sp-tab-fa,#sp-tabpro-wrapper_21981.sp-tab__lay-default ul .sp-tab__nav-item a:hover i.sp-tab-fa{color: #8e2c94;}#sp-tabpro-wrapper_21981.sp-tab__lay-default > ul li > label > span > i.sp-tab-fa,#sp-tabpro-wrapper_21981.sp-tab__lay-default > ul.sp-tab__nav > .slick-list .sp-tab__nav-item > label > span > i.sp-tab-fa,#sp-tabpro-wrapper_21981.sp-tab__lay-default > ul li > a > span > i.sp-tab-fa,#sp-tabpro-wrapper_21981.sp-tab__lay-default > ul li span .tabs-custom-icon{ margin-right: 5px;}#sp-tabpro-wrapper_21981 .sp-tab__nav-tabs .sp-tab__nav-link {display: flex;justify-content: center;align-items: center;position: relative;z-index:1;}#sp-tabpro-wrapper_21981.sp-tab__lay-default .sp-tab__tab-content {width: 100%;}#sp-tabpro-wrapper_21981 .animated {-webkit-animation-duration: 500ms;animation-duration: 500ms;}#sp-tabpro-wrapper_21981.sp-tab__lay-default .sp-tab__tab-content > .sp-tab__tab-pane {border: 1px solid #8e2c94;padding-top: 20px;padding-right: 20px;padding-bottom: 20px;padding-left: 20px;background-color: #ffffff;border-radius: 0px;}@media(max-width:480px) {#sp-tabpro-wrapper_21981.sp-tab__lay-default > ul{gap: 0;}#sp-tabpro-wrapper_21981.sp-tab__lay-default > ul > li.sp-tab__nav-item {width: 100%;margin-right: 0px;}#sp-tabpro-wrapper_21981.sp-tab__lay-default > ul > li.sp-tab__nav-item:last-child {margin-bottom: 1px;}}#sp-tabpro-wrapper_21981.sp-tab__lay-default .sp-tab__tab-content .sp-tab__card-header,#sp-tabpro-wrapper_21981.sp-tab__lay-default > ul .sp-tab__nav-item .sp-tab__tab_title {font-weight: 600;font-style: normal;text-align: center;justify-content: center;text-transform: none;font-size: 16px;line-height: 22px;letter-spacing: 0px;color: #ffffff;margin: 0px;width: 100%;}#sp-tabpro-wrapper_21981.sp-tab__lay-default > ul .sp-tab__nav-item span.sp-tab__tab_subtitle {text-align: center;text-transform: none;font-size: 14px;line-height: 18px;letter-spacing: 0px;color: #616161;margin-top: 5px;word-break: break-all;}#sp-tabpro-wrapper_21981 .sp-tab__nav-tabs .sp-tab__nav-link.sp-tab__active span.sp-tab__tab_subtitle {color: #616161;}#sp-tabpro-wrapper_21981 > ul .sp-tab__nav-item label:hover .sp-tab__tab_subtitle,#sp-tabpro-wrapper_21981 > ul .sp-tab__nav-item a:hover .sp-tab__tab_subtitle {color: #616161;transition: .3s;}#sp-tabpro-wrapper_21981.sp-tab__lay-default .sp-tab__tab-content > .sp-tab__tab-pane, #sp-tabpro-wrapper_21981 .sp-tab__tab-content p, #sp-tabpro-wrapper_21981.sp-tab__lay-default .sp-tab__tab-content > .sp-tab__tab-pane a.sp-tab__link,#sp-tabpro-wrapper_21981.sp-tab__lay-default .sp-tab__tab-content > .sp-tab__tab-pane li {text-align: left;text-transform: none;font-size: 16px;line-height: 24px;letter-spacing: 0px;color: #444;text-decoration: none;}#sp-tabpro-wrapper_21981.sp-tab__lay-default .sp-tab__tab-content > .sp-tab__tab-pane label{margin:0;}<\/style><div id=\"sp-tabpro-wrapper_21981\" class=\"sp-tab__lay-default  tab-layout-horizontal\" data-preloader=\"1\" data-activemode=\"tabs-activator-event-click\" data-autoplaytime=\"3000\" data-pause_on_hover=\"1\" data-tab_resize_event=\"false\" data-valignfill=\"\" data-animate_scroll_top=\"1\" data-anchor_linking=\"1\"><div id=\"sp-tabpro-preloader-21981\" class=\"sp-tab__preloader\">\n\t\t<img decoding=\"async\" src=\"https:\/\/www.laurene-baldassara.com\/boutique\/wp-content\/plugins\/wp-tabs-pro\/src\/Modules\/WPTabs\/Frontend\/Assets\/css\/spinner.svg\" alt=\"loader-icon\"\/>\n\t<\/div><ul class=\"sp-tab__nav sp-tab__nav-tabs \" data-slick='{\"slidesToShow\":4, \"infinite\":true, \"responsive\": [{\"breakpoint\":1280,\"settings\": { \"slidesToShow\":4} },{\"breakpoint\":980,\"settings\": { \"slidesToShow\":3} },{\"breakpoint\":736,\"settings\": { \"slidesToShow\":2} },{\"breakpoint\":481,\"settings\": { \"slidesToShow\":1} }]}' data-screen-size=\"480\" data-small-screen-type=\"full_widht\" data-variable_width=\"false\" id=\"sp-tab__ul\" role=\"tablist\"><li class=\"sp-tab__nav-item\" role=\"tab\" ><label class=\"sp-tab__nav-link sp-tab__active\" data-sptoggle=\"tab\" for=\"#tab-219811\"  aria-controls=\"tab-219811\" aria-selected=\"true\" tabindex=\"0\"><span class=\"tab_title_area\"><i class=\"fa fa fa-graduation-cap sp-tab-fa\"> <\/i><H4 class=\"sp-tab__tab_title\">Formation<\/H4><\/span><\/label><\/li><li class=\"sp-tab__nav-item\" role=\"tab\" ><label class=\"sp-tab__nav-link\" data-sptoggle=\"tab\" for=\"#tab-219812\"  aria-controls=\"tab-219812\" aria-selected=\"true\" tabindex=\"0\"><span class=\"tab_title_area\"><i class=\"fa fa fa-th-list sp-tab-fa\"> <\/i><H4 class=\"sp-tab__tab_title\">Programme<\/H4><\/span><\/label><\/li><li class=\"sp-tab__nav-item\" role=\"tab\" ><label class=\"sp-tab__nav-link\" data-sptoggle=\"tab\" for=\"#tab-219813\"  aria-controls=\"tab-219813\" aria-selected=\"true\" tabindex=\"0\"><span class=\"tab_title_area\"><i class=\"fa fa fa-user sp-tab-fa\"> <\/i><H4 class=\"sp-tab__tab_title\">Formatrice<\/H4><\/span><\/label><\/li><li class=\"sp-tab__nav-item\" role=\"tab\" ><label class=\"sp-tab__nav-link\" data-sptoggle=\"tab\" for=\"#tab-219814\"  aria-controls=\"tab-219814\" aria-selected=\"true\" tabindex=\"0\"><span class=\"tab_title_area\"><i class=\"fa fa fa-info-circle sp-tab-fa\"> <\/i><H4 class=\"sp-tab__tab_title\">Informations<\/H4><\/span><\/label><\/li><\/ul>\n<div class=\"sp-tab__tab-content\">\t\t<div class=\"sp-tab__tab-pane sp-tab__show sp-tab__active\" id=\"tab-219811\" role=\"tabpanel\" aria-hidden=\"false\" >\n\t\t\t<div class=\"animated fadeIn \">\n\t\t\t<p><span style=\"color: #000000;\">Vous souhaitez d\u00e9couvrir une m\u00e9thode naturelle et \u00e9nerg\u00e9tique pour <strong>lutter contre tous les troubles ORL<\/strong> du quotidien ? Rhinite, allergies, acouph\u00e8nes, \u2026 Les pierres de la sph\u00e8re ORL n'auront plus aucun secret pour vous ! Vous apprendrez \u00e0 les utiliser pour vous comme pour autrui, dans un cadre personnel ou professionnel (th\u00e9rapeutes \/ professionnels du bien-\u00eatre).<\/span><\/p>\n<h3><span style=\"color: #000000;\"><strong>\ud83d\udc9c <span style=\"color: #8e2c94;\">Formation 100 % En Ligne<\/span><\/strong><\/span><\/h3>\n<p><span style=\"color: #000000;\">Apprenez \u00e0 votre rythme, o\u00f9 que vous soyez \ud83c\udf0d. T\u00e9l\u00e9chargez sur tous vos supports (ordinateur, tablette, smartphone) et acc\u00e9dez au contenu quand vous le souhaitez.<\/span><\/p>\n<h3><strong>\ud83d\udc9c <\/strong><span style=\"color: #8e2c94;\"><strong>Contenu Complet &amp; Interactif<\/strong><\/span><\/h3>\n<p>Une formation enrichissante incluant : <strong>\ud83d\udcc4 1 document PDF<\/strong><\/p>\n<h3><strong>\ud83d\udc9c <\/strong><span style=\"color: #8e2c94;\"><strong>Pourquoi suivre cette formation ?<\/strong><\/span><\/h3>\n<p>Que vous soyez d\u00e9butant ou avanc\u00e9 en lithoth\u00e9rapie, cette formation vous guide pas \u00e0 pas pour tout savoir sur les pierres de la sph\u00e8re ORL et leur utilisation.<\/p>\n<p><span style=\"color: #000000;\"><strong>C\u2019est l\u2019outil id\u00e9al de tous les professionnels du domaine de l\u2019\u00e9sot\u00e9risme et de l\u2019\u00e9nerg\u00e9tique mais aussi de toute personne qui souhaite apprendre \u00e0 utiliser les pierres au quotidien.<\/strong><\/span><\/p>\n\t\t\t<\/div>\n\t\t<\/div>\n\t\t\t\t<div class=\"sp-tab__tab-pane \" id=\"tab-219812\" role=\"tabpanel\" aria-hidden=\"false\" >\n\t\t\t<div class=\"animated fadeIn \">\n\t\t\t<h4><span style=\"color: #000000;\"><strong>\ud83d\udc9c <\/strong><\/span><span style=\"color: #8e2c94;\"><strong>Le contenu<\/strong><\/span><\/h4>\n<p><span style=\"color: #000000;\">\ud83d\udcab Les propri\u00e9t\u00e9s des couleurs de la sph\u00e8re ORL<\/span><\/p>\n<p><span style=\"color: #000000;\">\ud83d\udcab 5 pierres g\u00e9n\u00e9ralistes de la sph\u00e8re ORL<\/span><\/p>\n<p><span style=\"color: #000000;\">\ud83d\udcab 10 pierres sp\u00e9cifiques de la sph\u00e8re ORL (gorge, nez, yeux, oreilles, poumons) <\/span><\/p>\n<p><span style=\"color: #000000;\">\ud83d\udcab Les pierres de la convalescence<\/span><\/p>\n<p><span style=\"color: #000000;\">\ud83d\udcab Des conseils d\u2019achat pour vos pierres <\/span><\/p>\n<p><span style=\"color: #000000;\">\ud83d\udcab Les fiches d\u00e9taill\u00e9es des propri\u00e9t\u00e9s th\u00e9rapeutiques des pierres de la sph\u00e8re ORL<\/span><\/p>\n\t\t\t<\/div>\n\t\t<\/div>\n\t\t\t\t<div class=\"sp-tab__tab-pane \" id=\"tab-219813\" role=\"tabpanel\" aria-hidden=\"false\" >\n\t\t\t<div class=\"animated fadeIn \">\n\t\t\t<div class=\"elementor-element elementor-element-226f0f7 elementor-widget elementor-widget-text-editor\" data-id=\"226f0f7\" data-element_type=\"widget\" data-widget_type=\"text-editor.default\">\n<div class=\"elementor-widget-container\" style=\"text-align: center;\">\n<h4><img decoding=\"async\" class=\"aligncenter wp-image-21454 size-thumbnail\" src=\"https:\/\/www.laurene-baldassara.com\/boutique\/wp-content\/uploads\/2025\/01\/Capture-decran-2024-05-06-a-082715-150x150.jpg\" alt=\"Laur\u00e8ne Baldassara, fondatrice de l'\u00e9cole du 7\u00e8me sens\" width=\"150\" height=\"150\" srcset=\"https:\/\/www.laurene-baldassara.com\/boutique\/wp-content\/uploads\/2025\/01\/Capture-decran-2024-05-06-a-082715-150x150.jpg 150w, https:\/\/www.laurene-baldassara.com\/boutique\/wp-content\/uploads\/2025\/01\/Capture-decran-2024-05-06-a-082715-300x300.jpg 300w, https:\/\/www.laurene-baldassara.com\/boutique\/wp-content\/uploads\/2025\/01\/Capture-decran-2024-05-06-a-082715-100x100.jpg 100w, https:\/\/www.laurene-baldassara.com\/boutique\/wp-content\/uploads\/2025\/01\/Capture-decran-2024-05-06-a-082715-500x500.jpg 500w, https:\/\/www.laurene-baldassara.com\/boutique\/wp-content\/uploads\/2025\/01\/Capture-decran-2024-05-06-a-082715-600x600.jpg 600w, https:\/\/www.laurene-baldassara.com\/boutique\/wp-content\/uploads\/2025\/01\/Capture-decran-2024-05-06-a-082715.jpg 736w\" sizes=\"(max-width: 150px) 100vw, 150px\" \/><\/h4>\n<h4><span class=\"OYPEnA font-feature-liga-off font-feature-clig-off font-feature-calt-off text-decoration-none text-strikethrough-none\" style=\"color: #8e2c94;\">Laur\u00e8ne Baldassara<\/span><\/h4>\n<h4><span class=\"OYPEnA font-feature-liga-off font-feature-clig-off font-feature-calt-off text-decoration-none text-strikethrough-none\" style=\"color: #000000;\">Formatrice en Reiki Usui et Karuna, Sonoth\u00e9rapie, Lithoth\u00e9rapie et M\u00e9diumnit\u00e9<\/span><\/h4>\n<\/div>\n<\/div>\n<div class=\"elementor-element elementor-element-79892e8 elementor-widget elementor-widget-text-editor\" data-id=\"79892e8\" data-element_type=\"widget\" data-widget_type=\"text-editor.default\">\n<div class=\"elementor-widget-container\">\n<h4 style=\"text-align: center;\"><span style=\"color: #000000;\">D\u00e9couvrez Laur\u00e8ne Baldassara :<span style=\"color: #8e2c94;\"> <strong><a style=\"color: #8e2c94;\" href=\"https:\/\/www.laurene-baldassara.com\/presentation-laurene-baldassara.html\">Cliquez ici<\/a><\/strong><\/span><\/span><\/h4>\n<\/div>\n<\/div>\n\t\t\t<\/div>\n\t\t<\/div>\n\t\t\t\t<div class=\"sp-tab__tab-pane \" id=\"tab-219814\" role=\"tabpanel\" aria-hidden=\"false\" >\n\t\t\t<div class=\"animated fadeIn \">\n\t\t\t<h4><span style=\"color: #000000;\"><strong>\ud83d\udc9c <\/strong><strong><span style=\"color: #8e2c94;\">A qui s\u2019adresse cette formation ?<\/span><br \/>\n<\/strong><\/span><\/h4>\n<p><span style=\"color: #000000;\">A tous les professionnels du domaine de l\u2019\u00e9sot\u00e9risme et de l\u2019\u00e9nerg\u00e9tique mais aussi \u00e0 toute personne qui souhaite apprendre \u00e0 utiliser les pierres dans un cadre personnel ou professionnel.<\/span><span style=\"color: #000000;\">\ud83d\udcab<\/span><\/p>\n<p>\ud83d\udcb3 <span style=\"color: #000000;\"><strong>Paiement en 4 fois sans frais<\/strong><\/span><\/p>\n<h4><span style=\"color: #ff0000;\">*Apr\u00e8s validation de votre commande, vous recevrez un mail contenant le lien pour t\u00e9l\u00e9charger votre article. Regardez bien vos SPAMS ! Vous pourrez \u00e9galement y acc\u00e9der en vous connectant \u00e0 votre compte client (ic\u00f4ne en haut \u00e0 droite de la boutique). A noter : Le lien est valable 8 jours et ne peut \u00eatre r\u00e9activ\u00e9. T\u00e9l\u00e9chargez le (ou les) \u00e9l\u00e9ments sur vos supports d\u00e8s votre achat.<\/span><\/h4>\n\t\t\t<\/div>\n\t\t<\/div>\n\t\t<\/div>\n<\/div><\/span><\/p>\n","protected":false},"featured_media":21355,"comment_status":"open","ping_status":"closed","template":"","meta":{"ocean_post_layout":"","ocean_both_sidebars_style":"","ocean_both_sidebars_content_width":0,"ocean_both_sidebars_sidebars_width":0,"ocean_sidebar":"0","ocean_second_sidebar":"0","ocean_disable_margins":"enable","ocean_add_body_class":"","ocean_shortcode_before_top_bar":"","ocean_shortcode_after_top_bar":"","ocean_shortcode_before_header":"","ocean_shortcode_after_header":"","ocean_has_shortcode":"","ocean_shortcode_after_title":"","ocean_shortcode_before_footer_widgets":"","ocean_shortcode_after_footer_widgets":"","ocean_shortcode_before_footer_bottom":"","ocean_shortcode_after_footer_bottom":"","ocean_display_top_bar":"default","ocean_display_header":"default","ocean_header_style":"","ocean_center_header_left_menu":"0","ocean_custom_header_template":"0","ocean_custom_logo":0,"ocean_custom_retina_logo":0,"ocean_custom_logo_max_width":0,"ocean_custom_logo_tablet_max_width":0,"ocean_custom_logo_mobile_max_width":0,"ocean_custom_logo_max_height":0,"ocean_custom_logo_tablet_max_height":0,"ocean_custom_logo_mobile_max_height":0,"ocean_header_custom_menu":"0","ocean_menu_typo_font_family":"0","ocean_menu_typo_font_subset":"","ocean_menu_typo_font_size":0,"ocean_menu_typo_font_size_tablet":0,"ocean_menu_typo_font_size_mobile":0,"ocean_menu_typo_font_size_unit":"px","ocean_menu_typo_font_weight":"","ocean_menu_typo_font_weight_tablet":"","ocean_menu_typo_font_weight_mobile":"","ocean_menu_typo_transform":"","ocean_menu_typo_transform_tablet":"","ocean_menu_typo_transform_mobile":"","ocean_menu_typo_line_height":0,"ocean_menu_typo_line_height_tablet":0,"ocean_menu_typo_line_height_mobile":0,"ocean_menu_typo_line_height_unit":"","ocean_menu_typo_spacing":0,"ocean_menu_typo_spacing_tablet":0,"ocean_menu_typo_spacing_mobile":0,"ocean_menu_typo_spacing_unit":"","ocean_menu_link_color":"","ocean_menu_link_color_hover":"","ocean_menu_link_color_active":"","ocean_menu_link_background":"","ocean_menu_link_hover_background":"","ocean_menu_link_active_background":"","ocean_menu_social_links_bg":"","ocean_menu_social_hover_links_bg":"","ocean_menu_social_links_color":"","ocean_menu_social_hover_links_color":"","ocean_disable_title":"default","ocean_disable_heading":"default","ocean_post_title":"","ocean_post_subheading":"","ocean_post_title_style":"","ocean_post_title_background_color":"","ocean_post_title_background":0,"ocean_post_title_bg_image_position":"","ocean_post_title_bg_image_attachment":"","ocean_post_title_bg_image_repeat":"","ocean_post_title_bg_image_size":"","ocean_post_title_height":0,"ocean_post_title_bg_overlay":0.5,"ocean_post_title_bg_overlay_color":"","ocean_disable_breadcrumbs":"default","ocean_breadcrumbs_color":"","ocean_breadcrumbs_separator_color":"","ocean_breadcrumbs_links_color":"","ocean_breadcrumbs_links_hover_color":"","ocean_display_footer_widgets":"default","ocean_display_footer_bottom":"default","ocean_custom_footer_template":"0"},"product_brand":[],"product_cat":[187,184],"product_tag":[],"class_list":{"0":"post-10175","1":"product","2":"type-product","3":"status-publish","4":"has-post-thumbnail","6":"product_cat-formations-courtes-lithotherapie","7":"product_cat-formations-courtes","9":"entry","10":"has-media","12":"first","13":"instock","14":"downloadable","15":"virtual","16":"sold-individually","17":"purchasable","18":"product-type-simple","19":"has-rating","20":"col","21":"span_1_of_3","22":"owp-content-center","23":"item-entry","24":"owp-thumbs-layout-horizontal","25":"owp-btn-normal","26":"owp-tabs-layout-horizontal","27":"circle-sale"},"booking_location":null,"booking_location_type":null,"booking_duration":null,"booking_duration_unit":null,"booking_buffer":null,"booking_cost":null,"booking_resources":null,"aioseo_notices":[],"_links":{"self":[{"href":"https:\/\/www.laurene-baldassara.com\/boutique\/wp-json\/wp\/v2\/product\/10175","targetHints":{"allow":["GET"]}}],"collection":[{"href":"https:\/\/www.laurene-baldassara.com\/boutique\/wp-json\/wp\/v2\/product"}],"about":[{"href":"https:\/\/www.laurene-baldassara.com\/boutique\/wp-json\/wp\/v2\/types\/product"}],"replies":[{"embeddable":true,"href":"https:\/\/www.laurene-baldassara.com\/boutique\/wp-json\/wp\/v2\/comments?post=10175"}],"version-history":[{"count":4,"href":"https:\/\/www.laurene-baldassara.com\/boutique\/wp-json\/wp\/v2\/product\/10175\/revisions"}],"predecessor-version":[{"id":18711,"href":"https:\/\/www.laurene-baldassara.com\/boutique\/wp-json\/wp\/v2\/product\/10175\/revisions\/18711"}],"wp:featuredmedia":[{"embeddable":true,"href":"https:\/\/www.laurene-baldassara.com\/boutique\/wp-json\/wp\/v2\/media\/21355"}],"wp:attachment":[{"href":"https:\/\/www.laurene-baldassara.com\/boutique\/wp-json\/wp\/v2\/media?parent=10175"}],"wp:term":[{"taxonomy":"product_brand","embeddable":true,"href":"https:\/\/www.laurene-baldassara.com\/boutique\/wp-json\/wp\/v2\/product_brand?post=10175"},{"taxonomy":"product_cat","embeddable":true,"href":"https:\/\/www.laurene-baldassara.com\/boutique\/wp-json\/wp\/v2\/product_cat?post=10175"},{"taxonomy":"product_tag","embeddable":true,"href":"https:\/\/www.laurene-baldassara.com\/boutique\/wp-json\/wp\/v2\/product_tag?post=10175"}],"curies":[{"name":"wp","href":"https:\/\/api.w.org\/{rel}","templated":true}]}}