{"id":13888,"date":"2020-03-20T16:27:20","date_gmt":"2020-03-20T15:27:20","guid":{"rendered":"https:\/\/www.laurene-baldassara.com\/?post_type=product&#038;p=13888"},"modified":"2025-10-27T03:04:04","modified_gmt":"2025-10-27T02:04:04","slug":"initiation-a-la-lithotherapie","status":"publish","type":"product","link":"https:\/\/www.laurene-baldassara.com\/boutique\/produit\/initiation-a-la-lithotherapie\/","title":{"rendered":"Initiation \u00e0 la lithoth\u00e9rapie"},"content":{"rendered":"","protected":false},"excerpt":{"rendered":"<h4><span style=\"color: #0777a3;\"><strong><span style=\"color: #8a3992;\">Initiation \u00e0 la lithoth\u00e9rapie <\/span><\/strong><\/span><span style=\"color: #8a3992;\"><strong>(65 pages) <\/strong><strong>&#8211; de Laur\u00e8ne Baldassara &#8211; \u00e0 t\u00e9l\u00e9charger (PDF)<span style=\"color: #ff0000;\">\u00a0<\/span><\/strong><\/span><\/h4>\n<hr \/>\n<p><span style=\"color: #0777a3;\"><strong>\u2714\ufe0f <span style=\"color: #8a3992;\">Le contenu : <\/span><\/strong><\/span><span style=\"color: #000000;\">Qu&rsquo;est ce que la lithoth\u00e9rapie ? &#8211; <\/span><span style=\"color: #000000;\">Comment utiliser les pierres ? &#8211; <\/span><span style=\"color: #000000;\">Comment nettoyer et recharger vos pierres ? &#8211; <\/span><span style=\"color: #000000;\">Les propri\u00e9t\u00e9s des couleurs &#8211; <\/span><span style=\"color: #000000;\">Pr\u00e9sentation des 11 pierres de base en lithoth\u00e9rapie &#8211; <\/span><span style=\"color: #000000;\">Comment choisir une pierre pour soi ou autrui ? &#8211; <\/span><span style=\"color: #000000;\">Comment faire une s\u00e9ance de lithoth\u00e9rapie \u00e0 autrui (protocole + explication d\u00e9taill\u00e9es + fiche client) ? <\/span><span style=\"color: #000000;\">&#8211; L&rsquo;utilisation des pierres pour les animaux &#8211; <\/span><span style=\"color: #000000;\">Conseil et recommandations (pour l&rsquo;achat de vos pierres)<\/span><\/p>\n<p><span style=\"color: #000000;\">+ En annexe : documents pour votre travail personnel avec les pierres, des exercices de sensibilisation et la m\u00e9ditation avec une pierre<\/span><\/p>\n<p><span style=\"color: #0777a3;\"><strong>\u2714\ufe0f <span style=\"color: #8a3992;\">Pourquoi ce livre est fait pour vous ? <\/span><\/strong><span style=\"color: #000000;\">Vous saurez tout !<\/span> <\/span><span style=\"color: #000000;\">Un livre d\u00e9di\u00e9 \u00e0 toutes celles et ceux qui ont envie de d\u00e9couvrir une m\u00e9thode naturelle et \u00e9nerg\u00e9tique pour lutter contre tous les troubles du quotidien avec une m\u00e9thode simple et efficace !\u00a0<\/span><span style=\"color: #000000;\">Vous pourrez ainsi utiliser les pierres au quotidien pour vous-m\u00eame comme pour autrui, dans un cadre personnel ou professionnel (\u00e9nerg\u00e9ticiens \/ th\u00e9rapeutes).<\/span><\/p>\n<h4><span style=\"color: #ff0000;\">*Apr\u00e8s validation de votre commande, vous recevrez un mail contenant les informations pour t\u00e9l\u00e9charger votre article. Regardez bien vos SPAMS ! Vous pourrez \u00e9galement y acc\u00e9der en vous connectant \u00e0 votre compte client (ic\u00f4ne en haut \u00e0 droite de la boutique)<\/span><\/h4>\n","protected":false},"featured_media":17647,"comment_status":"open","ping_status":"closed","template":"","meta":{"ocean_post_layout":"","ocean_both_sidebars_style":"","ocean_both_sidebars_content_width":0,"ocean_both_sidebars_sidebars_width":0,"ocean_sidebar":"0","ocean_second_sidebar":"0","ocean_disable_margins":"enable","ocean_add_body_class":"","ocean_shortcode_before_top_bar":"","ocean_shortcode_after_top_bar":"","ocean_shortcode_before_header":"","ocean_shortcode_after_header":"","ocean_has_shortcode":"","ocean_shortcode_after_title":"","ocean_shortcode_before_footer_widgets":"","ocean_shortcode_after_footer_widgets":"","ocean_shortcode_before_footer_bottom":"","ocean_shortcode_after_footer_bottom":"","ocean_display_top_bar":"default","ocean_display_header":"default","ocean_header_style":"","ocean_center_header_left_menu":"0","ocean_custom_header_template":"0","ocean_custom_logo":0,"ocean_custom_retina_logo":0,"ocean_custom_logo_max_width":0,"ocean_custom_logo_tablet_max_width":0,"ocean_custom_logo_mobile_max_width":0,"ocean_custom_logo_max_height":0,"ocean_custom_logo_tablet_max_height":0,"ocean_custom_logo_mobile_max_height":0,"ocean_header_custom_menu":"0","ocean_menu_typo_font_family":"0","ocean_menu_typo_font_subset":"","ocean_menu_typo_font_size":0,"ocean_menu_typo_font_size_tablet":0,"ocean_menu_typo_font_size_mobile":0,"ocean_menu_typo_font_size_unit":"px","ocean_menu_typo_font_weight":"","ocean_menu_typo_font_weight_tablet":"","ocean_menu_typo_font_weight_mobile":"","ocean_menu_typo_transform":"","ocean_menu_typo_transform_tablet":"","ocean_menu_typo_transform_mobile":"","ocean_menu_typo_line_height":0,"ocean_menu_typo_line_height_tablet":0,"ocean_menu_typo_line_height_mobile":0,"ocean_menu_typo_line_height_unit":"","ocean_menu_typo_spacing":0,"ocean_menu_typo_spacing_tablet":0,"ocean_menu_typo_spacing_mobile":0,"ocean_menu_typo_spacing_unit":"","ocean_menu_link_color":"","ocean_menu_link_color_hover":"","ocean_menu_link_color_active":"","ocean_menu_link_background":"","ocean_menu_link_hover_background":"","ocean_menu_link_active_background":"","ocean_menu_social_links_bg":"","ocean_menu_social_hover_links_bg":"","ocean_menu_social_links_color":"","ocean_menu_social_hover_links_color":"","ocean_disable_title":"default","ocean_disable_heading":"default","ocean_post_title":"","ocean_post_subheading":"","ocean_post_title_style":"","ocean_post_title_background_color":"","ocean_post_title_background":0,"ocean_post_title_bg_image_position":"","ocean_post_title_bg_image_attachment":"","ocean_post_title_bg_image_repeat":"","ocean_post_title_bg_image_size":"","ocean_post_title_height":0,"ocean_post_title_bg_overlay":0.5,"ocean_post_title_bg_overlay_color":"","ocean_disable_breadcrumbs":"default","ocean_breadcrumbs_color":"","ocean_breadcrumbs_separator_color":"","ocean_breadcrumbs_links_color":"","ocean_breadcrumbs_links_hover_color":"","ocean_display_footer_widgets":"default","ocean_display_footer_bottom":"default","ocean_custom_footer_template":"0"},"product_brand":[],"product_cat":[187,184],"product_tag":[],"class_list":{"0":"post-13888","1":"product","2":"type-product","3":"status-publish","4":"has-post-thumbnail","6":"product_cat-formations-courtes-lithotherapie","7":"product_cat-formations-courtes","9":"entry","10":"has-media","12":"first","13":"instock","14":"downloadable","15":"virtual","16":"sold-individually","17":"taxable","18":"purchasable","19":"product-type-simple","20":"has-rating","21":"col","22":"span_1_of_3","23":"owp-content-center","24":"item-entry","25":"owp-thumbs-layout-horizontal","26":"owp-btn-normal","27":"owp-tabs-layout-horizontal","28":"circle-sale"},"booking_location":null,"booking_location_type":null,"booking_duration":null,"booking_duration_unit":null,"booking_buffer":null,"booking_cost":null,"booking_resources":null,"aioseo_notices":[],"_links":{"self":[{"href":"https:\/\/www.laurene-baldassara.com\/boutique\/wp-json\/wp\/v2\/product\/13888","targetHints":{"allow":["GET"]}}],"collection":[{"href":"https:\/\/www.laurene-baldassara.com\/boutique\/wp-json\/wp\/v2\/product"}],"about":[{"href":"https:\/\/www.laurene-baldassara.com\/boutique\/wp-json\/wp\/v2\/types\/product"}],"replies":[{"embeddable":true,"href":"https:\/\/www.laurene-baldassara.com\/boutique\/wp-json\/wp\/v2\/comments?post=13888"}],"version-history":[{"count":2,"href":"https:\/\/www.laurene-baldassara.com\/boutique\/wp-json\/wp\/v2\/product\/13888\/revisions"}],"predecessor-version":[{"id":23062,"href":"https:\/\/www.laurene-baldassara.com\/boutique\/wp-json\/wp\/v2\/product\/13888\/revisions\/23062"}],"wp:featuredmedia":[{"embeddable":true,"href":"https:\/\/www.laurene-baldassara.com\/boutique\/wp-json\/wp\/v2\/media\/17647"}],"wp:attachment":[{"href":"https:\/\/www.laurene-baldassara.com\/boutique\/wp-json\/wp\/v2\/media?parent=13888"}],"wp:term":[{"taxonomy":"product_brand","embeddable":true,"href":"https:\/\/www.laurene-baldassara.com\/boutique\/wp-json\/wp\/v2\/product_brand?post=13888"},{"taxonomy":"product_cat","embeddable":true,"href":"https:\/\/www.laurene-baldassara.com\/boutique\/wp-json\/wp\/v2\/product_cat?post=13888"},{"taxonomy":"product_tag","embeddable":true,"href":"https:\/\/www.laurene-baldassara.com\/boutique\/wp-json\/wp\/v2\/product_tag?post=13888"}],"curies":[{"name":"wp","href":"https:\/\/api.w.org\/{rel}","templated":true}]}}