{"id":19306,"date":"2023-06-18T23:05:26","date_gmt":"2023-06-18T21:05:26","guid":{"rendered":"https:\/\/www.laurene-baldassara.com\/boutique\/?post_type=product&#038;p=19306"},"modified":"2025-09-17T19:57:03","modified_gmt":"2025-09-17T17:57:03","slug":"formation-de-gongs-2","status":"publish","type":"product","link":"https:\/\/www.laurene-baldassara.com\/boutique\/produit\/formation-de-gongs-2\/","title":{"rendered":"Formation de gongs 2"},"content":{"rendered":"","protected":false},"excerpt":{"rendered":"<h3><span style=\"color: #0777a3;\"><strong><span style=\"color: #8a3992;\">FORMATION DE GONGS 2<\/span><\/strong><\/span><\/h3>\n<h4>\ud83c\udf38 <span style=\"color: #f00cf0;\"><strong>Paiement possible en 4X sans frais via Paypal !<\/strong><\/span><\/h4>\n<p><span style=\"color: #000000;\">2 jours de formation aux gongs, niveau praticien avanc\u00e9, avec Laur\u00e8ne Baldassara. Accessible aux particuliers et professionnels.<\/span><\/p>\n<p><strong><span style=\"color: #000000;\">Dates : A venir<\/span><\/strong><\/p>\n<p><span style=\"color: #000000;\"><strong>Lieu :<\/strong> <strong>Buzet-sur-Tarn (31)<\/strong><\/span><\/p>\n<hr \/>\n<h4><span style=\"color: #0777a3;\"><strong>\ud83d\udfe3 <span style=\"color: #8a3992;\">Pourquoi s&rsquo;inscrire \u00e0 cette formation ?<\/span><\/strong><\/span><\/h4>\n<p class=\"p1\"><span style=\"color: #000000;\">Au cours de cette formation, vous pourrez aller plus loin dans vos connaissances et comp\u00e9tences. Nous allons d\u00e9couvrir de nouvelles techniques et perfectionner notre travail avec le gong. L\u2019objectif ? Vous donner toutes les cl\u00e9s pour approfondir votre connexion au gong et professionnaliser votre technique ! Vous apprendrez \u00e9galement \u00e0 utiliser les gongs pour un groupe, dans le cadre d\u2019un bains de sons (ou concert m\u00e9ditatif sonore).<br \/>\nGr\u00e2ce \u00e0 cette formation, vous serez apte \u00e0 utiliser les gongs en individuel comme en collectif !<\/span><\/p>\n<p class=\" additional-class-743199041 bd-content-element\"><span style=\"color: #000000;\"><u><i>Rappel\u00a0<\/i><\/u><i>:\u00a0<\/i><i>La pratique de la sonoth\u00e9rapie n&rsquo;est pas une alternative \u00e0 la m\u00e9decine allopathique. Elle <\/i><i>ne remplace ni une visite chez votre m\u00e9decin, ni un traitement m\u00e9dical. Le praticien en sonoth\u00e9rapie ne donne aucun diagnostic, ne prescrit aucun traitement et ne demande jamais \u00e0 une personne d&rsquo;arr\u00eater un traitement m\u00e9dical.<\/i><\/span><\/p>\n<hr \/>\n<h4><span style=\"color: #0777a3;\"><strong><span style=\"color: #8a3992;\">\ud83d\udfe3 A qui s\u2019adresse cette formation ?<br \/>\n<\/span><\/strong><\/span><\/h4>\n<p><span style=\"color: #000000;\">A tous ! Accessible m\u00eame si vous n&rsquo;avez pas suivi le niveau 1.<\/span><\/p>\n<hr \/>\n<h4><span style=\"color: #0777a3;\"><strong><span style=\"color: #8a3992;\">\ud83d\udfe3 Programme de la formation de gongs 2<\/span><\/strong><\/span><\/h4>\n<ul>\n<li class=\"p1\"><span style=\"color: #000000;\">R\u00e9vision des techniques du niveau 1<\/span><\/li>\n<li class=\"p1\"><span style=\"color: #000000;\">Techniques de frappe avanc\u00e9es<\/span><\/li>\n<li class=\"p1\"><span style=\"color: #000000;\">Travail avec 2 gongs (en simultan\u00e9)<\/span><\/li>\n<li class=\"p1\"><span style=\"color: #000000;\">Technique des mailloches \u00e0 friction (sons de \u00ab baleine \u00bb)<\/span><\/li>\n<li class=\"p1\"><span style=\"color: #000000;\">Comment combiner les diff\u00e9rentes techniques ?<\/span><\/li>\n<li class=\"p1\"><span style=\"color: #000000;\">Utilisation avanc\u00e9e du gong \u00e0 main<\/span><\/li>\n<li class=\"p1\"><span style=\"color: #000000;\">Exp\u00e9rience du voyage sonore : sp\u00e9cial Gongs<\/span><\/li>\n<li class=\"p1\"><span style=\"color: #000000;\">Comment faire un voyage sonore avec les gongs ?<\/span><\/li>\n<li class=\"p1\"><span style=\"color: #000000;\">Atelier pr\u00e9paration et r\u00e9alisation (pratique)<\/span><\/li>\n<li class=\"p1\"><span style=\"color: #000000;\">Th\u00e9orie et exercices pratiques<\/span><span style=\"color: #000000;\"><br \/>\n<\/span><\/li>\n<li class=\"p1\"><span style=\"color: #000000;\">Discussion, \u00e9changes, questions<\/span><\/li>\n<\/ul>\n<p>&nbsp;<\/p>\n<p class=\"p3\"><span style=\"color: #000000;\"><b>EN PLUS : <\/b><\/span><span style=\"color: #000000;\"><b>Un<\/b><b> <\/b><b>manuel<\/b><b> <\/b><b>complet<\/b><b> <\/b><b>de<\/b><b> <\/b><b>la<\/b><b> <\/b><b>formation<\/b><span class=\"s1\"><b> (PDF) et divers supports p\u00e9dagogiques vous seront envoy\u00e9s par mail 10 jours avant. Vous pourrez ainsi les t\u00e9l\u00e9charger sur tous vos appareils et les faire imprimer\u00a0 <\/b><\/span><\/span><\/p>\n<p class=\"p3\"><span class=\"s1\" style=\"color: #000000;\"><b>+ Une attestation de formation vous sera envoy\u00e9e en fin de formation<\/b><\/span><\/p>\n<hr \/>\n<h4><strong><span style=\"color: #0777a3;\">\ud83d\udfe3 <\/span><span style=\"color: #8a3992;\">Les modalit\u00e9s de la formation<\/span><\/strong><\/h4>\n<p><span style=\"color: #000000;\"><strong>En pr\u00e9sentiel uniquement !<\/strong>\u00a0<\/span><\/p>\n<p><span style=\"color: #000000;\"><strong>Lieu :<\/strong> Buzet-sur-Tarn (31). Plus d&rsquo;informations dans la lettre d&rsquo;information \u00e0 t\u00e9l\u00e9charger<\/span><\/p>\n<p><span style=\"color: #000000;\"><strong>Dates<\/strong> : A venir<\/span><\/p>\n<p><span style=\"color: #000000;\"><strong>Horaires<\/strong> : Samedi (9H45 &#8211; 18H) &#8211; Dimanche (8H45 &#8211; 18H). Une heure de pause d\u00e9jeuner.<\/span><\/p>\n<p><span style=\"color: #000000;\"><strong>Prix<\/strong> : 390\u20ac les 2 jours de formation + tous les supports p\u00e9dagogiques + l&rsquo;attestation de formation au niveau praticien avanc\u00e9<\/span><\/p>\n<p><strong><span style=\"color: #000000;\">Possibilit\u00e9 de payer en 4 fois sans frais via Paypal.<\/span><\/strong><\/p>\n<hr \/>\n<h4><strong><span style=\"color: #0777a3;\">\ud83d\udfe3 <\/span><span style=\"color: #8a3992;\">R\u00e8glement int\u00e9rieur<\/span><\/strong><\/h4>\n<p class=\"p1\"><span style=\"color: #000000;\"><i>En vous inscrivant \u00e0 cette formation, vous d\u00e9clarez <\/i><i>\u00eatre en pleine possession de vos moyens physiques et psychologiques. Vous comprenez que la sonoth\u00e9rapie est une m\u00e9thode \u00e9nerg\u00e9tique qui ne remplace en aucun cas une visite m\u00e9dicale ni un traitement prescrit par un m\u00e9decin.\u00a0<\/i><\/span><\/p>\n<p>https:\/\/youtu.be\/R8KrBZ_alLU<\/p>\n<p>https:\/\/youtu.be\/EF4hdoMRrL0<\/p>\n<h4><span style=\"color: #ff0000;\">*Apr\u00e8s validation de votre commande, vous recevrez un mail contenant les informations pour t\u00e9l\u00e9charger votre article. Regardez bien vos SPAMS ! Vous pourrez \u00e9galement y acc\u00e9der en vous connectant \u00e0 votre compte client (ic\u00f4ne en haut \u00e0 droite de la boutique)<\/span><\/h4>\n","protected":false},"featured_media":21051,"comment_status":"open","ping_status":"closed","template":"","meta":{"ocean_post_layout":"","ocean_both_sidebars_style":"","ocean_both_sidebars_content_width":0,"ocean_both_sidebars_sidebars_width":0,"ocean_sidebar":"0","ocean_second_sidebar":"0","ocean_disable_margins":"enable","ocean_add_body_class":"","ocean_shortcode_before_top_bar":"","ocean_shortcode_after_top_bar":"","ocean_shortcode_before_header":"","ocean_shortcode_after_header":"","ocean_has_shortcode":"","ocean_shortcode_after_title":"","ocean_shortcode_before_footer_widgets":"","ocean_shortcode_after_footer_widgets":"","ocean_shortcode_before_footer_bottom":"","ocean_shortcode_after_footer_bottom":"","ocean_display_top_bar":"default","ocean_display_header":"default","ocean_header_style":"","ocean_center_header_left_menu":"0","ocean_custom_header_template":"0","ocean_custom_logo":0,"ocean_custom_retina_logo":0,"ocean_custom_logo_max_width":0,"ocean_custom_logo_tablet_max_width":0,"ocean_custom_logo_mobile_max_width":0,"ocean_custom_logo_max_height":0,"ocean_custom_logo_tablet_max_height":0,"ocean_custom_logo_mobile_max_height":0,"ocean_header_custom_menu":"0","ocean_menu_typo_font_family":"0","ocean_menu_typo_font_subset":"","ocean_menu_typo_font_size":0,"ocean_menu_typo_font_size_tablet":0,"ocean_menu_typo_font_size_mobile":0,"ocean_menu_typo_font_size_unit":"px","ocean_menu_typo_font_weight":"","ocean_menu_typo_font_weight_tablet":"","ocean_menu_typo_font_weight_mobile":"","ocean_menu_typo_transform":"","ocean_menu_typo_transform_tablet":"","ocean_menu_typo_transform_mobile":"","ocean_menu_typo_line_height":0,"ocean_menu_typo_line_height_tablet":0,"ocean_menu_typo_line_height_mobile":0,"ocean_menu_typo_line_height_unit":"","ocean_menu_typo_spacing":0,"ocean_menu_typo_spacing_tablet":0,"ocean_menu_typo_spacing_mobile":0,"ocean_menu_typo_spacing_unit":"","ocean_menu_link_color":"","ocean_menu_link_color_hover":"","ocean_menu_link_color_active":"","ocean_menu_link_background":"","ocean_menu_link_hover_background":"","ocean_menu_link_active_background":"","ocean_menu_social_links_bg":"","ocean_menu_social_hover_links_bg":"","ocean_menu_social_links_color":"","ocean_menu_social_hover_links_color":"","ocean_disable_title":"default","ocean_disable_heading":"default","ocean_post_title":"","ocean_post_subheading":"","ocean_post_title_style":"","ocean_post_title_background_color":"","ocean_post_title_background":0,"ocean_post_title_bg_image_position":"","ocean_post_title_bg_image_attachment":"","ocean_post_title_bg_image_repeat":"","ocean_post_title_bg_image_size":"","ocean_post_title_height":0,"ocean_post_title_bg_overlay":0.5,"ocean_post_title_bg_overlay_color":"","ocean_disable_breadcrumbs":"default","ocean_breadcrumbs_color":"","ocean_breadcrumbs_separator_color":"","ocean_breadcrumbs_links_color":"","ocean_breadcrumbs_links_hover_color":"","ocean_display_footer_widgets":"default","ocean_display_footer_bottom":"default","ocean_custom_footer_template":"0"},"product_brand":[],"product_cat":[189],"product_tag":[],"class_list":{"0":"post-19306","1":"product","2":"type-product","3":"status-publish","4":"has-post-thumbnail","6":"product_cat-formations-courtes-esoterisme","8":"entry","9":"has-media","11":"first","12":"outofstock","13":"featured","14":"downloadable","15":"virtual","16":"taxable","17":"purchasable","18":"product-type-simple","19":"col","20":"span_1_of_3","21":"owp-content-center","22":"item-entry","23":"owp-thumbs-layout-horizontal","24":"owp-btn-normal","25":"owp-tabs-layout-horizontal","26":"has-no-thumbnails","27":"circle-sale"},"booking_location":null,"booking_location_type":null,"booking_duration":null,"booking_duration_unit":null,"booking_buffer":null,"booking_cost":null,"booking_resources":null,"aioseo_notices":[],"_links":{"self":[{"href":"https:\/\/www.laurene-baldassara.com\/boutique\/wp-json\/wp\/v2\/product\/19306","targetHints":{"allow":["GET"]}}],"collection":[{"href":"https:\/\/www.laurene-baldassara.com\/boutique\/wp-json\/wp\/v2\/product"}],"about":[{"href":"https:\/\/www.laurene-baldassara.com\/boutique\/wp-json\/wp\/v2\/types\/product"}],"replies":[{"embeddable":true,"href":"https:\/\/www.laurene-baldassara.com\/boutique\/wp-json\/wp\/v2\/comments?post=19306"}],"version-history":[{"count":3,"href":"https:\/\/www.laurene-baldassara.com\/boutique\/wp-json\/wp\/v2\/product\/19306\/revisions"}],"predecessor-version":[{"id":22512,"href":"https:\/\/www.laurene-baldassara.com\/boutique\/wp-json\/wp\/v2\/product\/19306\/revisions\/22512"}],"wp:featuredmedia":[{"embeddable":true,"href":"https:\/\/www.laurene-baldassara.com\/boutique\/wp-json\/wp\/v2\/media\/21051"}],"wp:attachment":[{"href":"https:\/\/www.laurene-baldassara.com\/boutique\/wp-json\/wp\/v2\/media?parent=19306"}],"wp:term":[{"taxonomy":"product_brand","embeddable":true,"href":"https:\/\/www.laurene-baldassara.com\/boutique\/wp-json\/wp\/v2\/product_brand?post=19306"},{"taxonomy":"product_cat","embeddable":true,"href":"https:\/\/www.laurene-baldassara.com\/boutique\/wp-json\/wp\/v2\/product_cat?post=19306"},{"taxonomy":"product_tag","embeddable":true,"href":"https:\/\/www.laurene-baldassara.com\/boutique\/wp-json\/wp\/v2\/product_tag?post=19306"}],"curies":[{"name":"wp","href":"https:\/\/api.w.org\/{rel}","templated":true}]}}