{"id":20772,"date":"2024-10-26T20:38:17","date_gmt":"2024-10-26T18:38:17","guid":{"rendered":"https:\/\/www.laurene-baldassara.com\/boutique\/?post_type=product&#038;p=20772"},"modified":"2025-10-27T02:05:44","modified_gmt":"2025-10-27T01:05:44","slug":"formation-de-reiki-usui-2-en-ligne","status":"publish","type":"product","link":"https:\/\/www.laurene-baldassara.com\/boutique\/produit\/formation-de-reiki-usui-2-en-ligne\/","title":{"rendered":"Devenez praticien Reiki Usui 2\u00e8me Degr\u00e9 \u2013 Formation en Ligne"},"content":{"rendered":"","protected":false},"excerpt":{"rendered":"<h4><span style=\"color: #000000;\">Approfondissez votre pratique du Reiki avec la formation compl\u00e8te de Reiki Usui 2\u00e8me degr\u00e9. Ce programme enrichi vous ouvre les portes sur les symboles de Reiki et l\u2019envoi d&rsquo;\u00e9nergie \u00e0 distance. Id\u00e9al pour un praticien souhaitant \u00e9largir ses comp\u00e9tences !<\/span><\/h4>\n<style id=\"sp_tabs_dynamic_css21534\">#sp-tabpro-wrapper_21534 > .sp-tab__nav {justify-content: start;}#sp-tabpro-wrapper_21534.sp-tab__lay-default > ul {gap: 1px;}#sp-tabpro-wrapper_21534 .sp-tab__nav-tabs .sp-tab__nav-link.sp-tab__active .sp-tab__tab_title {color: #8a3992;}#sp-tabpro-wrapper_21534.sp-tab__lay-default > ul li > label,#sp-tabpro-wrapper_21534.sp-tab__lay-default > ul.sp-tab__nav > .slick-list .sp-tab__nav-item > label,#sp-tabpro-wrapper_21534.sp-tab__lay-default > ul li > a {cursor: pointer;padding-top: 15px;padding-right: 15px;padding-bottom: 15px;padding-left: 15px;box-shadow: none;}#sp-tabpro-wrapper_21534 .sp-tab__nav-tabs .sp-tab__nav-link {border: 1px solid #8a3992;height: 100%;}#sp-tabpro-wrapper_21534.sp-tab__lay-default > ul li > label,#sp-tabpro-wrapper_21534.sp-tab__lay-default > ul li > a,#sp-tabpro-wrapper_21534.sp-tab__lay-default > ul .sp-tab__nav-item {border-top-left-radius: 2px;border-top-right-radius: 2px;}#sp-tabpro-wrapper_21534 > .sp-tab__nav-tabs .sp-tab__nav-item {margin-bottom: -1px;}#sp-tabpro-wrapper_21534 .sp-tab__nav-tabs .sp-tab__nav-item.show .sp-tab__nav-link,#sp-tabpro-wrapper_21534.sp-tab__lay-default > ul li > label.sp-tab__active {border-color: #8a3992#8a3992 transparent;}#sp-tabpro-wrapper_21534.sp-tab__lay-default > ul .sp-tab__nav-item .sp-tab__nav-link:not(.sp-tab__active) {background-color: #8a3992;transition: 0.3s;}#sp-tabpro-wrapper_21534.sp-tab__lay-default .sp-tab__tab-content > .sp-tab__tab-pane .sp-tab__card-header{background-color: #8a3992;}#sp-tabpro-wrapper_21534 .sp-tab__nav-tabs .sp-tab__nav-item.show .sp-tab__nav-link,#sp-tabpro-wrapper_21534 .sp-tab__nav-tabs .sp-tab__nav-item .sp-tab__nav-link.sp-tab__active {background-color: #ffffff;}#sp-tabpro-wrapper_21534.sp-tab__lay-default > ul .sp-tab__nav-item .sp-tab__nav-link:not(.sp-tab__active):hover,#sp-tabpro-wrapper_21534.sp-tab__lay-default .sp-tab__tab-content > .sp-tab__tab-pane .sp-tab__card-header:hover {background-color: #fff;}#sp-tabpro-wrapper_21534.tab-layout-vertical .sp-tab__nav-tabs .sp-tab__nav-item .sp-tab__nav-link {width: 100%;}#sp-tabpro-wrapper_21534.sp-tab__lay-default > ul .sp-tab__nav-item:last-child {margin-right: 0;}#sp-tabpro-wrapper_21534.sp-tab__lay-default > ul .sp-tab__nav-item label:not(.sp-tab__active):hover .sp-tab__tab_title,#sp-tabpro-wrapper_21534.sp-tab__lay-default > ul .sp-tab__nav-item a:not(.sp-tab__active):hover .sp-tab__tab_title {color: #8a3992;transition: .3s;}#sp-tabpro-wrapper_21534.sp-tab__lay-default .sp-tab__tab-content > .sp-tab__tab-pane .sp-tab__image-wrapper {grid-gap: 24px;}#sp-tabpro-wrapper_21534.sp-tab__lay-default > ul li > label > span > i.sp-tab-fa,#sp-tabpro-wrapper_21534.sp-tab__lay-default > ul.sp-tab__nav > .slick-list .sp-tab__nav-item > label > span > i.sp-tab-fa,#sp-tabpro-wrapper_21534.sp-tab__lay-default > ul li > a > span > i.sp-tab-fa {color: #ffffff;font-size: 16px;}#sp-tabpro-wrapper_21534.sp-tab__lay-default > ul li span .tabs-custom-icon {width: 16px;max-width: 100%;}#sp-tabpro-wrapper_21534 .sp-tab__nav-tabs .sp-tab__nav-link.sp-tab__active i.sp-tab-fa,#sp-tabpro-wrapper_21534.sp-tab__lay-default > ul.sp-tab__nav > .slick-list .sp-tab__nav-item > .sp-tab__nav-link.sp-tab__active > span > i.sp-tab-fa {color: #8a3992;}#sp-tabpro-wrapper_21534.sp-tab__lay-default ul .sp-tab__nav-item label:not(.sp-tab__active):hover i.sp-tab-fa,#sp-tabpro-wrapper_21534.sp-tab__lay-default > ul.sp-tab__nav > .slick-list .sp-tab__nav-item > label:not(.sp-tab__active):hover > span > i.sp-tab-fa,#sp-tabpro-wrapper_21534.sp-tab__lay-default ul .sp-tab__nav-item a:hover i.sp-tab-fa{color: #8a3992;}#sp-tabpro-wrapper_21534.sp-tab__lay-default > ul li > label > span > i.sp-tab-fa,#sp-tabpro-wrapper_21534.sp-tab__lay-default > ul.sp-tab__nav > .slick-list .sp-tab__nav-item > label > span > i.sp-tab-fa,#sp-tabpro-wrapper_21534.sp-tab__lay-default > ul li > a > span > i.sp-tab-fa,#sp-tabpro-wrapper_21534.sp-tab__lay-default > ul li span .tabs-custom-icon{ margin-right: 5px;}#sp-tabpro-wrapper_21534 .sp-tab__nav-tabs .sp-tab__nav-link {display: flex;justify-content: center;align-items: center;position: relative;z-index:1;}#sp-tabpro-wrapper_21534.sp-tab__lay-default .sp-tab__tab-content {width: 100%;}#sp-tabpro-wrapper_21534 .animated {-webkit-animation-duration: 500ms;animation-duration: 500ms;}#sp-tabpro-wrapper_21534.sp-tab__lay-default .sp-tab__tab-content > .sp-tab__tab-pane {border: 1px solid #8a3992;padding-top: 20px;padding-right: 20px;padding-bottom: 20px;padding-left: 20px;background-color: #ffffff;border-radius: 0px;}@media(max-width:480px) {#sp-tabpro-wrapper_21534.sp-tab__lay-default > ul{gap: 0;}#sp-tabpro-wrapper_21534.sp-tab__lay-default > ul > li.sp-tab__nav-item {width: 100%;margin-right: 0px;}#sp-tabpro-wrapper_21534.sp-tab__lay-default > ul > li.sp-tab__nav-item:last-child {margin-bottom: 1px;}}#sp-tabpro-wrapper_21534.sp-tab__lay-default .sp-tab__tab-content .sp-tab__card-header,#sp-tabpro-wrapper_21534.sp-tab__lay-default > ul .sp-tab__nav-item .sp-tab__tab_title {font-weight: 600;font-style: normal;text-align: center;justify-content: center;text-transform: none;font-size: 16px;line-height: 22px;letter-spacing: 0px;color: #ffffff;margin: 0px;width: 100%;}#sp-tabpro-wrapper_21534.sp-tab__lay-default > ul .sp-tab__nav-item span.sp-tab__tab_subtitle {text-align: center;text-transform: none;font-size: 14px;line-height: 18px;letter-spacing: 0px;color: #616161;margin-top: 5px;word-break: break-all;}#sp-tabpro-wrapper_21534 .sp-tab__nav-tabs .sp-tab__nav-link.sp-tab__active span.sp-tab__tab_subtitle {color: #616161;}#sp-tabpro-wrapper_21534 > ul .sp-tab__nav-item label:hover .sp-tab__tab_subtitle,#sp-tabpro-wrapper_21534 > ul .sp-tab__nav-item a:hover .sp-tab__tab_subtitle {color: #616161;transition: .3s;}#sp-tabpro-wrapper_21534.sp-tab__lay-default .sp-tab__tab-content > .sp-tab__tab-pane, #sp-tabpro-wrapper_21534 .sp-tab__tab-content p, #sp-tabpro-wrapper_21534.sp-tab__lay-default .sp-tab__tab-content > .sp-tab__tab-pane a.sp-tab__link,#sp-tabpro-wrapper_21534.sp-tab__lay-default .sp-tab__tab-content > .sp-tab__tab-pane li {text-align: left;text-transform: none;font-size: 16px;line-height: 24px;letter-spacing: 0px;color: #444;text-decoration: none;}#sp-tabpro-wrapper_21534.sp-tab__lay-default .sp-tab__tab-content > .sp-tab__tab-pane label{margin:0;}<\/style><div id=\"sp-tabpro-wrapper_21534\" class=\"sp-tab__lay-default  tab-layout-horizontal\" data-preloader=\"1\" data-activemode=\"tabs-activator-event-click\" data-autoplaytime=\"3000\" data-pause_on_hover=\"1\" data-tab_resize_event=\"false\" data-valignfill=\"\" data-animate_scroll_top=\"1\" data-anchor_linking=\"1\"><div id=\"sp-tabpro-preloader-21534\" class=\"sp-tab__preloader\">\n\t\t<img decoding=\"async\" src=\"https:\/\/www.laurene-baldassara.com\/boutique\/wp-content\/plugins\/wp-tabs-pro\/src\/Modules\/WPTabs\/Frontend\/Assets\/css\/spinner.svg\" alt=\"loader-icon\"\/>\n\t<\/div><ul class=\"sp-tab__nav sp-tab__nav-tabs \" data-slick='{\"slidesToShow\":5, \"infinite\":true, \"responsive\": [{\"breakpoint\":1280,\"settings\": { \"slidesToShow\":4} },{\"breakpoint\":980,\"settings\": { \"slidesToShow\":3} },{\"breakpoint\":736,\"settings\": { \"slidesToShow\":2} },{\"breakpoint\":481,\"settings\": { \"slidesToShow\":1} }]}' data-screen-size=\"480\" data-small-screen-type=\"full_widht\" data-variable_width=\"false\" id=\"sp-tab__ul\" role=\"tablist\"><li class=\"sp-tab__nav-item\" role=\"tab\" ><label class=\"sp-tab__nav-link sp-tab__active\" data-sptoggle=\"tab\" for=\"#tab-215341\"  aria-controls=\"tab-215341\" aria-selected=\"true\" tabindex=\"0\"><span class=\"tab_title_area\"><i class=\"fa fa fa-graduation-cap sp-tab-fa\"> <\/i><H4 class=\"sp-tab__tab_title\">Formation<\/H4><\/span><\/label><\/li><li class=\"sp-tab__nav-item\" role=\"tab\" ><label class=\"sp-tab__nav-link\" data-sptoggle=\"tab\" for=\"#tab-215342\"  aria-controls=\"tab-215342\" aria-selected=\"true\" tabindex=\"0\"><span class=\"tab_title_area\"><i class=\"fa fa fa-th-list sp-tab-fa\"> <\/i><H4 class=\"sp-tab__tab_title\">Programme<\/H4><\/span><\/label><\/li><li class=\"sp-tab__nav-item\" role=\"tab\" ><label class=\"sp-tab__nav-link\" data-sptoggle=\"tab\" for=\"#tab-215343\"  aria-controls=\"tab-215343\" aria-selected=\"true\" tabindex=\"0\"><span class=\"tab_title_area\"><i class=\"fa fa fa-user sp-tab-fa\"> <\/i><H4 class=\"sp-tab__tab_title\">Formatrice<\/H4><\/span><\/label><\/li><li class=\"sp-tab__nav-item\" role=\"tab\" ><label class=\"sp-tab__nav-link\" data-sptoggle=\"tab\" for=\"#tab-215344\"  aria-controls=\"tab-215344\" aria-selected=\"true\" tabindex=\"0\"><span class=\"tab_title_area\"><i class=\"fa fa fa-certificate sp-tab-fa\"> <\/i><H4 class=\"sp-tab__tab_title\">Certification<\/H4><\/span><\/label><\/li><li class=\"sp-tab__nav-item\" role=\"tab\" ><label class=\"sp-tab__nav-link\" data-sptoggle=\"tab\" for=\"#tab-215345\"  aria-controls=\"tab-215345\" aria-selected=\"true\" tabindex=\"0\"><span class=\"tab_title_area\"><i class=\"fa fa fa-calendar-times-o sp-tab-fa\"> <\/i><H4 class=\"sp-tab__tab_title\">Inscription<\/H4><\/span><\/label><\/li><\/ul>\n<div class=\"sp-tab__tab-content\">\t\t<div class=\"sp-tab__tab-pane sp-tab__show sp-tab__active\" id=\"tab-215341\" role=\"tabpanel\" aria-hidden=\"false\" >\n\t\t\t<div class=\"animated fadeIn \">\n\t\t\t<h4><span style=\"color: #000000;\">Approfondissez votre pratique du Reiki avec la formation compl\u00e8te de Reiki Usui 2\u00e8me degr\u00e9. Ce programme enrichi vous ouvre les portes sur les symboles de Reiki et l\u2019envoi d\u2019\u00e9nergie \u00e0 distance. Id\u00e9al pour un praticien souhaitant \u00e9largir ses comp\u00e9tences !<\/span><\/h4>\n<h3><span style=\"color: #000000;\"><strong>\ud83d\udd39 <span style=\"color: #0b4f7b;\">Formation 100 % En Ligne<\/span><\/strong><\/span><\/h3>\n<p><span style=\"color: #000000;\">Progressez \u00e0 votre rythme depuis chez vous \ud83c\udf0d. T\u00e9l\u00e9chargez les modules sur tous vos supports (ordinateur, tablette, smartphone) pour un acc\u00e8s facile et permanent.<\/span><\/p>\n<h3><span style=\"color: #000000;\"><strong>\ud83d\udd39 <span style=\"color: #0b4f7b;\">Formation Certifiante<\/span><\/strong><\/span><\/h3>\n<p><span style=\"color: #000000;\">A l\u2019issue de la formation, vous pouvez valider vos acquis via un examen (QCM) pour obtenir votre certificat !<\/span><\/p>\n<h3><span style=\"color: #000000;\"><strong>\ud83d\udd39 <span style=\"color: #0b4f7b;\">Contenu Complet &amp; Interactif<\/span><\/strong><\/span><\/h3>\n<p><span style=\"color: #000000;\"><strong>15 modules<\/strong> enrichissants incluant <strong>vid\u00e9os<\/strong>, <strong>audios<\/strong> et <strong>documents PDF<\/strong>, pour une ma\u00eetrise compl\u00e8te des symboles de Reiki et des techniques d\u2019envoi \u00e0 distance.<\/span><\/p>\n<h3><span style=\"color: #000000;\"><strong>\ud83d\udd39\u00a0<\/strong><\/span><span style=\"color: #0b4f7b;\"><strong>Pourquoi suivre cette formation ?<\/strong><\/span><\/h3>\n<p><span style=\"color: #000000;\">Cette formation est id\u00e9ale pour ceux d\u00e9j\u00e0 initi\u00e9s au <strong>2\u00e8me degr\u00e9 de Reiki<\/strong>, pour les <strong>praticiens de Reiki <\/strong>souhaitant \u00e9largir leur pratique, ou pour les <strong>ma\u00eetres de Reiki<\/strong> cherchant \u00e0 approfondir leurs connaissances. Vous y trouverez toutes les ressources n\u00e9cessaires pour :<\/span><\/p>\n<ul>\n<li><span style=\"color: #000000;\">Approfondir votre pratique du Reiki gr\u00e2ce \u00e0 des supports complets et t\u00e9l\u00e9chargeables.<\/span><\/li>\n<li><span style=\"color: #000000;\">Ma\u00eetriser les symboles et techniques de Reiki de niveau avanc\u00e9, directement depuis chez vous.<\/span><\/li>\n<\/ul>\n<p>&nbsp;<\/p>\n<p><strong><span style=\"color: #ff0000;\"><em>A noter : Cette formation compl\u00e8te ne remplace pas les initiations en pr\u00e9sentiel, indispensables pour \u00eatre initi\u00e9 au 2\u00e8me degr\u00e9 de Reiki.<\/em><\/span><\/strong><\/p>\n<p class=\" additional-class-743199041 bd-content-element\"><span style=\"color: #000000;\"><u><i>Rappel\u00a0<\/i><\/u><i>:\u00a0<\/i><i>La pratique du Reiki n\u2019est pas une alternative \u00e0 la m\u00e9decine allopathique. Le Reiki\u00a0<\/i><i>ne remplace ni une visite chez votre m\u00e9decin, ni un traitement m\u00e9dical. Le praticien de Reiki ne donne aucun diagnostic, ne prescrit aucun traitement et ne demande jamais \u00e0 une personne d\u2019arr\u00eater un traitement m\u00e9dical.<\/i><\/span><\/p>\n\t\t\t<\/div>\n\t\t<\/div>\n\t\t\t\t<div class=\"sp-tab__tab-pane \" id=\"tab-215342\" role=\"tabpanel\" aria-hidden=\"false\" >\n\t\t\t<div class=\"animated fadeIn \">\n\t\t\t<h4><span style=\"color: #000000;\"><strong>\ud83d\udd35 <\/strong><\/span><span style=\"color: #0b4f7b;\"><strong>Programme de la formation de Reiki Usui 2 - En ligne<\/strong><\/span><\/h4>\n<p><span style=\"color: #000000;\"><strong>\ud83d\udcab Module 1<\/strong> : Introduction au 2\u00e8me degr\u00e9 de Reiki (vid\u00e9o + PDF)<\/span><\/p>\n<p><span style=\"color: #000000;\"><strong>\ud83d\udcab <\/strong><strong>Module 2<\/strong> : Pr\u00e9sentation et objectifs du 2\u00e8me degr\u00e9 (vid\u00e9o + PDF)<\/span><\/p>\n<p><span style=\"color: #000000;\"><strong>\ud83d\udcab <\/strong><strong>Module 3<\/strong> : Les 21 jours d\u2019autotraitement post-formation (vid\u00e9o + PDF)<\/span><\/p>\n<p><span style=\"color: #000000;\"><strong>\ud83d\udcab <\/strong><strong>Module 4<\/strong> : Les kotodamas \u2013 sons sacr\u00e9s et th\u00e9rapeutiques (vid\u00e9o + PDF + audio)<\/span><\/p>\n<p><span style=\"color: #000000;\"><strong>\ud83d\udcab <\/strong><strong>Module 5<\/strong> : Des kotodamas aux symboles sacr\u00e9s (vid\u00e9o + PDF)<\/span><\/p>\n<p><span style=\"color: #000000;\"><strong>\ud83d\udcab <\/strong><strong>Module 6<\/strong> : Activation et utilisation des symboles (vid\u00e9o + PDF)<\/span><\/p>\n<p><span style=\"color: #000000;\"><strong>\ud83d\udcab <\/strong><strong>Module 7<\/strong> : Les 3 symboles conventionnels de Reiki (vid\u00e9o + PDF + audio)<\/span><\/p>\n<p><span style=\"color: #000000;\"><strong>\ud83d\udcab <\/strong><strong>Module 8<\/strong> : Le symbole du c\u0153ur et sa puissance (vid\u00e9o + PDF)<\/span><\/p>\n<p><span style=\"color: #000000;\"><strong>\ud83d\udcab <\/strong><strong>Module 9<\/strong> : Application des symboles dans l\u2019autotraitement (vid\u00e9o + PDF)<\/span><\/p>\n<p><span style=\"color: #000000;\"><strong>\ud83d\udcab <\/strong><strong>Module 10<\/strong> : Les r\u00e8gles d\u2019or du praticien de Reiki (vid\u00e9o + PDF)<\/span><\/p>\n<p><span style=\"color: #000000;\"><strong>\ud83d\udcab <\/strong><strong>Module 11<\/strong> : Utilisation des symboles dans la s\u00e9ance \u00e0 autrui (vid\u00e9o + PDF)<\/span><\/p>\n<p><span style=\"color: #000000;\"><strong>\ud83d\udcab <\/strong><strong>Module 12<\/strong> : Techniques d\u2019envoi de Reiki \u00e0 distance (vid\u00e9o + PDF)<\/span><\/p>\n<p><span style=\"color: #000000;\"><strong>\ud83d\udcab <\/strong><strong>Module 13<\/strong> : Cristal de roche et amplificateur de Reiki (vid\u00e9o + PDF)<\/span><\/p>\n<p><span style=\"color: #000000;\"><strong>\ud83d\udcab <\/strong><strong>Module 14<\/strong> : Techniques japonaises de Reiki \u2013 2\u00e8me degr\u00e9 (vid\u00e9o + PDF)<\/span><\/p>\n<p><span style=\"color: #000000;\"><strong>\ud83d\udcab <\/strong><strong>Module 15<\/strong> : Conclusion et perspectives d\u2019\u00e9volution (vid\u00e9o + PDF)<\/span><\/p>\n<p><span style=\"color: #000000;\">\ud83d\udcc4 <strong>Annexes<\/strong> : Divers documents PDF pour approfondir les concepts<\/span><\/p>\n\t\t\t<\/div>\n\t\t<\/div>\n\t\t\t\t<div class=\"sp-tab__tab-pane \" id=\"tab-215343\" role=\"tabpanel\" aria-hidden=\"false\" >\n\t\t\t<div class=\"animated fadeIn \">\n\t\t\t<div class=\"elementor-element elementor-element-226f0f7 elementor-widget elementor-widget-text-editor\" data-id=\"226f0f7\" data-element_type=\"widget\" data-widget_type=\"text-editor.default\">\n<div class=\"elementor-widget-container\" style=\"text-align: center;\">\n<h4><img decoding=\"async\" class=\"aligncenter wp-image-21454 size-thumbnail\" src=\"https:\/\/www.laurene-baldassara.com\/boutique\/wp-content\/uploads\/2025\/01\/Capture-decran-2024-05-06-a-082715-150x150.jpg\" alt=\"Laur\u00e8ne Baldassara, fondatrice de l'\u00e9cole du 7\u00e8me sens\" width=\"150\" height=\"150\" srcset=\"https:\/\/www.laurene-baldassara.com\/boutique\/wp-content\/uploads\/2025\/01\/Capture-decran-2024-05-06-a-082715-150x150.jpg 150w, https:\/\/www.laurene-baldassara.com\/boutique\/wp-content\/uploads\/2025\/01\/Capture-decran-2024-05-06-a-082715-300x300.jpg 300w, https:\/\/www.laurene-baldassara.com\/boutique\/wp-content\/uploads\/2025\/01\/Capture-decran-2024-05-06-a-082715-100x100.jpg 100w, https:\/\/www.laurene-baldassara.com\/boutique\/wp-content\/uploads\/2025\/01\/Capture-decran-2024-05-06-a-082715-500x500.jpg 500w, https:\/\/www.laurene-baldassara.com\/boutique\/wp-content\/uploads\/2025\/01\/Capture-decran-2024-05-06-a-082715-600x600.jpg 600w, https:\/\/www.laurene-baldassara.com\/boutique\/wp-content\/uploads\/2025\/01\/Capture-decran-2024-05-06-a-082715.jpg 736w\" sizes=\"(max-width: 150px) 100vw, 150px\" \/><\/h4>\n<h4><span class=\"OYPEnA font-feature-liga-off font-feature-clig-off font-feature-calt-off text-decoration-none text-strikethrough-none\" style=\"color: #0b4f7b;\">Laur\u00e8ne Baldassara<\/span><\/h4>\n<h4><span class=\"OYPEnA font-feature-liga-off font-feature-clig-off font-feature-calt-off text-decoration-none text-strikethrough-none\" style=\"color: #000000;\">Formatrice en Reiki Usui et Karuna, Sonoth\u00e9rapie, Lithoth\u00e9rapie et M\u00e9diumnit\u00e9<\/span><\/h4>\n<\/div>\n<\/div>\n<div class=\"elementor-element elementor-element-79892e8 elementor-widget elementor-widget-text-editor\" data-id=\"79892e8\" data-element_type=\"widget\" data-widget_type=\"text-editor.default\">\n<div class=\"elementor-widget-container\">\n<h4 style=\"text-align: center;\"><span style=\"color: #000000;\">D\u00e9couvrez Laur\u00e8ne Baldassara :<span style=\"color: #0b4f7b;\"> <strong><a style=\"color: #0b4f7b;\" href=\"https:\/\/www.laurene-baldassara.com\/presentation-laurene-baldassara.html\">Cliquez ici<\/a><\/strong><\/span><\/span><\/h4>\n<\/div>\n<\/div>\n\t\t\t<\/div>\n\t\t<\/div>\n\t\t\t\t<div class=\"sp-tab__tab-pane \" id=\"tab-215344\" role=\"tabpanel\" aria-hidden=\"false\" >\n\t\t\t<div class=\"animated fadeIn \">\n\t\t\t<p><span style=\"color: #000000;\">A la fin de la formation, vous pourrez t\u00e9l\u00e9charger votre certificat apr\u00e8s avoir valid\u00e9 un examen (10 questions) permettant d'\u00e9valuer vos connaissances.<\/span><\/p>\n<p><span style=\"color: #000000;\">Nos formations sont certifi\u00e9es par l'<strong>IPHM<\/strong> (International Practitioners of Holistic Medicine), qui garantit la qualit\u00e9 de nos formations \u00e0 l'international.\u00a0<\/span><\/p>\n<p><span style=\"color: #000000;\">(A noter : Lien pour acc\u00e9der au contr\u00f4le de connaissances et t\u00e9l\u00e9chargement de votre certificat dans les documents \u00e0 t\u00e9l\u00e9charger)<\/span><\/p>\n<h6><img fetchpriority=\"high\" decoding=\"async\" class=\"wp-image-21535 size-medium aligncenter\" title=\"certificat lithotherapie 1\" src=\"https:\/\/www.laurene-baldassara.com\/boutique\/wp-content\/uploads\/2025\/01\/Version-REIKI-2-1-300x212.jpg\" alt=\"certificat Reiki Usui, 2\u00e8me degr\u00e9, en ligne\" width=\"300\" height=\"212\" srcset=\"https:\/\/www.laurene-baldassara.com\/boutique\/wp-content\/uploads\/2025\/01\/Version-REIKI-2-1-300x212.jpg 300w, https:\/\/www.laurene-baldassara.com\/boutique\/wp-content\/uploads\/2025\/01\/Version-REIKI-2-1-500x354.jpg 500w, https:\/\/www.laurene-baldassara.com\/boutique\/wp-content\/uploads\/2025\/01\/Version-REIKI-2-1-1024x724.jpg 1024w, https:\/\/www.laurene-baldassara.com\/boutique\/wp-content\/uploads\/2025\/01\/Version-REIKI-2-1-768x543.jpg 768w, https:\/\/www.laurene-baldassara.com\/boutique\/wp-content\/uploads\/2025\/01\/Version-REIKI-2-1-1536x1086.jpg 1536w, https:\/\/www.laurene-baldassara.com\/boutique\/wp-content\/uploads\/2025\/01\/Version-REIKI-2-1.jpg 2000w\" sizes=\"(max-width: 300px) 100vw, 300px\" \/><\/h6>\n\t\t\t<\/div>\n\t\t<\/div>\n\t\t\t\t<div class=\"sp-tab__tab-pane \" id=\"tab-215345\" role=\"tabpanel\" aria-hidden=\"false\" >\n\t\t\t<div class=\"animated fadeIn \">\n\t\t\t<h4><span style=\"color: #000000;\"><strong>\ud83d\udd35 <\/strong><strong>A qui s\u2019adresse cette formation ?<br \/>\n<\/strong><\/span><\/h4>\n<p><span style=\"color: #000000;\">A vous ! Cette formation est id\u00e9ale pour ceux d\u00e9j\u00e0 initi\u00e9s au <strong>2\u00e8me degr\u00e9 de Reiki<\/strong>, pour les <strong>praticiens de Reiki <\/strong>souhaitant \u00e9largir leur pratique, ou pour les <strong>ma\u00eetres de Reiki<\/strong> cherchant \u00e0 approfondir leurs connaissances.<\/span><\/p>\n<p>\ud83d\udcb3 <span style=\"color: #000000;\"><strong>Paiement en 4 fois sans frais<\/strong><\/span><\/p>\n<h4><span style=\"color: #ff0000;\">*Apr\u00e8s validation de votre commande, vous recevrez un mail contenant le lien pour t\u00e9l\u00e9charger votre article. Regardez bien vos SPAMS ! Vous pourrez \u00e9galement y acc\u00e9der en vous connectant \u00e0 votre compte client (ic\u00f4ne en haut \u00e0 droite de la boutique). A noter : Le lien est valable 8 jours et ne peut \u00eatre r\u00e9activ\u00e9. T\u00e9l\u00e9chargez le (ou les) \u00e9l\u00e9ments sur vos supports d\u00e8s votre achat.<\/span><\/h4>\n\t\t\t<\/div>\n\t\t<\/div>\n\t\t<\/div>\n<\/div>\n\n","protected":false},"featured_media":21089,"comment_status":"open","ping_status":"closed","template":"","meta":{"ocean_post_layout":"","ocean_both_sidebars_style":"","ocean_both_sidebars_content_width":0,"ocean_both_sidebars_sidebars_width":0,"ocean_sidebar":"0","ocean_second_sidebar":"0","ocean_disable_margins":"enable","ocean_add_body_class":"","ocean_shortcode_before_top_bar":"","ocean_shortcode_after_top_bar":"","ocean_shortcode_before_header":"","ocean_shortcode_after_header":"","ocean_has_shortcode":"","ocean_shortcode_after_title":"","ocean_shortcode_before_footer_widgets":"","ocean_shortcode_after_footer_widgets":"","ocean_shortcode_before_footer_bottom":"","ocean_shortcode_after_footer_bottom":"","ocean_display_top_bar":"default","ocean_display_header":"default","ocean_header_style":"","ocean_center_header_left_menu":"0","ocean_custom_header_template":"0","ocean_custom_logo":0,"ocean_custom_retina_logo":0,"ocean_custom_logo_max_width":0,"ocean_custom_logo_tablet_max_width":0,"ocean_custom_logo_mobile_max_width":0,"ocean_custom_logo_max_height":0,"ocean_custom_logo_tablet_max_height":0,"ocean_custom_logo_mobile_max_height":0,"ocean_header_custom_menu":"0","ocean_menu_typo_font_family":"0","ocean_menu_typo_font_subset":"","ocean_menu_typo_font_size":0,"ocean_menu_typo_font_size_tablet":0,"ocean_menu_typo_font_size_mobile":0,"ocean_menu_typo_font_size_unit":"px","ocean_menu_typo_font_weight":"","ocean_menu_typo_font_weight_tablet":"","ocean_menu_typo_font_weight_mobile":"","ocean_menu_typo_transform":"","ocean_menu_typo_transform_tablet":"","ocean_menu_typo_transform_mobile":"","ocean_menu_typo_line_height":0,"ocean_menu_typo_line_height_tablet":0,"ocean_menu_typo_line_height_mobile":0,"ocean_menu_typo_line_height_unit":"","ocean_menu_typo_spacing":0,"ocean_menu_typo_spacing_tablet":0,"ocean_menu_typo_spacing_mobile":0,"ocean_menu_typo_spacing_unit":"","ocean_menu_link_color":"","ocean_menu_link_color_hover":"","ocean_menu_link_color_active":"","ocean_menu_link_background":"","ocean_menu_link_hover_background":"","ocean_menu_link_active_background":"","ocean_menu_social_links_bg":"","ocean_menu_social_hover_links_bg":"","ocean_menu_social_links_color":"","ocean_menu_social_hover_links_color":"","ocean_disable_title":"default","ocean_disable_heading":"default","ocean_post_title":"","ocean_post_subheading":"","ocean_post_title_style":"","ocean_post_title_background_color":"","ocean_post_title_background":0,"ocean_post_title_bg_image_position":"","ocean_post_title_bg_image_attachment":"","ocean_post_title_bg_image_repeat":"","ocean_post_title_bg_image_size":"","ocean_post_title_height":0,"ocean_post_title_bg_overlay":0.5,"ocean_post_title_bg_overlay_color":"","ocean_disable_breadcrumbs":"default","ocean_breadcrumbs_color":"","ocean_breadcrumbs_separator_color":"","ocean_breadcrumbs_links_color":"","ocean_breadcrumbs_links_hover_color":"","ocean_display_footer_widgets":"default","ocean_display_footer_bottom":"default","ocean_custom_footer_template":"0"},"product_brand":[],"product_cat":[145,106],"product_tag":[],"class_list":{"0":"post-20772","1":"product","2":"type-product","3":"status-publish","4":"has-post-thumbnail","6":"product_cat-formations-reiki-en-ligne","7":"product_cat-formations-en-ligne","9":"entry","10":"has-media","12":"first","13":"instock","14":"downloadable","15":"virtual","16":"purchasable","17":"product-type-simple","18":"has-rating","19":"col","20":"span_1_of_3","21":"owp-content-center","22":"item-entry","23":"owp-thumbs-layout-horizontal","24":"owp-btn-normal","25":"owp-tabs-layout-horizontal","26":"circle-sale"},"booking_location":null,"booking_location_type":null,"booking_duration":null,"booking_duration_unit":null,"booking_buffer":null,"booking_cost":null,"booking_resources":null,"aioseo_notices":[],"_links":{"self":[{"href":"https:\/\/www.laurene-baldassara.com\/boutique\/wp-json\/wp\/v2\/product\/20772","targetHints":{"allow":["GET"]}}],"collection":[{"href":"https:\/\/www.laurene-baldassara.com\/boutique\/wp-json\/wp\/v2\/product"}],"about":[{"href":"https:\/\/www.laurene-baldassara.com\/boutique\/wp-json\/wp\/v2\/types\/product"}],"replies":[{"embeddable":true,"href":"https:\/\/www.laurene-baldassara.com\/boutique\/wp-json\/wp\/v2\/comments?post=20772"}],"version-history":[{"count":18,"href":"https:\/\/www.laurene-baldassara.com\/boutique\/wp-json\/wp\/v2\/product\/20772\/revisions"}],"predecessor-version":[{"id":22029,"href":"https:\/\/www.laurene-baldassara.com\/boutique\/wp-json\/wp\/v2\/product\/20772\/revisions\/22029"}],"wp:featuredmedia":[{"embeddable":true,"href":"https:\/\/www.laurene-baldassara.com\/boutique\/wp-json\/wp\/v2\/media\/21089"}],"wp:attachment":[{"href":"https:\/\/www.laurene-baldassara.com\/boutique\/wp-json\/wp\/v2\/media?parent=20772"}],"wp:term":[{"taxonomy":"product_brand","embeddable":true,"href":"https:\/\/www.laurene-baldassara.com\/boutique\/wp-json\/wp\/v2\/product_brand?post=20772"},{"taxonomy":"product_cat","embeddable":true,"href":"https:\/\/www.laurene-baldassara.com\/boutique\/wp-json\/wp\/v2\/product_cat?post=20772"},{"taxonomy":"product_tag","embeddable":true,"href":"https:\/\/www.laurene-baldassara.com\/boutique\/wp-json\/wp\/v2\/product_tag?post=20772"}],"curies":[{"name":"wp","href":"https:\/\/api.w.org\/{rel}","templated":true}]}}