{"id":20791,"date":"2024-10-27T09:24:05","date_gmt":"2024-10-27T08:24:05","guid":{"rendered":"https:\/\/www.laurene-baldassara.com\/boutique\/?post_type=product&#038;p=20791"},"modified":"2026-02-01T15:22:46","modified_gmt":"2026-02-01T14:22:46","slug":"pack-complet-reiki-usui-1er-2eme-degre-formation-en-ligne","status":"publish","type":"product","link":"https:\/\/www.laurene-baldassara.com\/boutique\/produit\/pack-complet-reiki-usui-1er-2eme-degre-formation-en-ligne\/","title":{"rendered":"Pack Complet Reiki Usui 1er &#038; 2\u00e8me Degr\u00e9s-Formation en Ligne"},"content":{"rendered":"","protected":false},"excerpt":{"rendered":"<h3><span style=\"color: #0777a3;\"><strong><span style=\"color: #8a3992;\"><span style=\"color: #0a507d;\">\ud83d\udc50 Pack Complet Reiki Usui \u2013 1er et 2\u00e8me Degr\u00e9s \u2013 En Ligne \ud83d\udc50<\/span><\/span><\/strong><\/span><\/h3>\n<h4><span style=\"color: #000000;\">Ce pack exclusif r\u00e9unit les formations des 1er et 2\u00e8me degr\u00e9s de Reiki Usui, pour un parcours complet et progressif dans l\u2019\u00e9nergie universelle, le tout depuis chez vous. \ud83d\udcab<\/span><\/h4>\n<p>&nbsp;<\/p>\n<h3><span style=\"color: #0777a3;\"><strong><span style=\"color: #8a3992;\"><span style=\"color: #0a507d;\">\ud83d\udd39 Formations 100 % En Ligne<\/span><\/span><\/strong><\/span><\/h3>\n<p><span style=\"color: #000000;\">Apprenez \u00e0 votre rythme avec <strong>30 modules<\/strong>, des vid\u00e9os, audios et PDF t\u00e9l\u00e9chargeables sur tous vos appareils. Progressez \u00e0 votre rythme depuis chez vous \ud83c\udf0d. T\u00e9l\u00e9chargez les modules sur tous vos supports (ordinateur, tablette, smartphone) pour un acc\u00e8s facile et permanent.<\/span><\/p>\n<h3><span style=\"color: #0777a3;\"><strong><span style=\"color: #8a3992;\"><span style=\"color: #0a507d;\">\ud83d\udd39 Acc\u00e8s illimit\u00e9 &amp; Supports inclus<\/span><\/span><\/strong><\/span><\/h3>\n<p><span style=\"color: #000000;\">\u00c9tudiez librement, et conservez l\u2019acc\u00e8s \u00e0 vie \u00e0 tous les contenus pour consolider votre pratique du Reiki.<\/span><\/p>\n<h3><span style=\"color: #0777a3;\"><strong><span style=\"color: #8a3992;\"><span style=\"color: #0a507d;\">\ud83d\udd39 Paiement <\/span><\/span><\/strong><\/span><span style=\"color: #0777a3;\"><strong><span style=\"color: #8a3992;\"><span style=\"color: #0a507d;\">&amp; Promo<\/span><\/span><\/strong><\/span><\/h3>\n<p><span style=\"color: #8a3992;\">\ud83d\udcb3 <span style=\"color: #000000;\"><strong>Paiement en 4 fois sans frais<\/strong><\/span><\/span><\/p>\n<p><span style=\"color: #000000;\">\ud83d\ude80 Profitez de <strong>20% de r\u00e9duction<\/strong> en achetant les deux formations ensemble<\/span><\/p>\n<p><span style=\"color: #000000;\">Note : Cette formation compl\u00e8te ne remplace pas les initiations en pr\u00e9sentiel, indispensables pour \u00eatre initi\u00e9 au Reiki.<\/span><\/p>\n<hr \/>\n<h3><span style=\"color: #0777a3;\"><strong><span style=\"color: #8a3992;\"><span style=\"color: #0a507d;\">\u2714\ufe0f Ce Pack est id\u00e9al pour vous !<\/span><\/span><\/strong><\/span><\/h3>\n<p><span style=\"color: #000000;\">Vous souhaitez devenir un praticien Reiki complet, ma\u00eetrisant les symboles et l\u2019\u00e9nergie universelle ? Ce parcours vous accompagne des bases du Reiki Usui jusqu\u2019\u00e0 l\u2019utilisation avanc\u00e9e des symboles et techniques d\u2019envoi \u00e0 distance en passant par les kotodamas et les techniques japonaises de Reiki.\u00a0<\/span><\/p>\n<hr \/>\n<h3><span style=\"color: #0777a3;\"><strong><span style=\"color: #8a3992;\"><span style=\"color: #0a507d;\">\u2714\ufe0f Programme du Pack Reiki Usui 1er &amp; 2\u00e8me Degr\u00e9s<\/span><\/span><\/strong><\/span><\/h3>\n<h5><span style=\"color: #000000;\"><strong>\ud83d\udcab Module 1<\/strong> : Introduction au Reiki (vid\u00e9o + PDF)<\/span><\/h5>\n<h5><span style=\"color: #000000;\"><strong>\ud83d\udcab <\/strong><strong>Module 2<\/strong> : Pr\u00e9sentation du Reiki Usui (vid\u00e9o + PDF)<\/span><\/h5>\n<h5><span style=\"color: #000000;\"><strong>\ud83d\udcab <\/strong><strong>Module 3<\/strong> : Histoire du Reiki et de Mikao Usui (vid\u00e9o + PDF)<\/span><\/h5>\n<h5><span style=\"color: #000000;\"><strong>\ud83d\udcab <\/strong><strong>Module 4<\/strong> : Les 5 id\u00e9aux du Reiki (vid\u00e9o + PDF + audio)<\/span><\/h5>\n<h5><span style=\"color: #000000;\"><strong>\ud83d\udcab <\/strong><strong>Module 5<\/strong> : L\u2019autotraitement \u2013 apprendre \u00e0 se traiter soi-m\u00eame (vid\u00e9o + PDF)<\/span><\/h5>\n<h5><span style=\"color: #000000;\"><strong>\ud83d\udcab <\/strong><strong>Module 6<\/strong> : R\u00e9\u00e9quilibrage des chakras \u2013 harmonisez votre \u00e9nergie (vid\u00e9o + PDF)<\/span><\/h5>\n<h5><span style=\"color: #000000;\"><strong>\ud83d\udcab <\/strong><strong>Module 7<\/strong> : Exercices pour d\u00e9velopper vos ressentis (vid\u00e9o + PDF)<\/span><\/h5>\n<h5><span style=\"color: #000000;\"><strong>\ud83d\udcab <\/strong><strong>Module 8<\/strong> : Les 21 jours post-initiations (vid\u00e9o + PDF)<\/span><\/h5>\n<h5><span style=\"color: #000000;\"><strong>\ud83d\udcab <\/strong><strong>Module 9<\/strong> : La s\u00e9ance \u00e0 autrui \u2013 techniques et pratiques (vid\u00e9o + PDF)<\/span><\/h5>\n<h5><span style=\"color: #000000;\"><strong>\ud83d\udcab <\/strong><strong>Module 10<\/strong> : La s\u00e9ance d\u00e9couverte \u2013 premi\u00e8res applications (vid\u00e9o + PDF)<\/span><\/h5>\n<h5><span style=\"color: #000000;\"><strong>\ud83d\udcab <\/strong><strong>Module 11<\/strong> : Les cas particuliers en Reiki (vid\u00e9o + PDF)<\/span><\/h5>\n<h5><span style=\"color: #000000;\"><strong>\ud83d\udcab <\/strong><strong>Module 12<\/strong> : La s\u00e9ance de groupe \u2013 exp\u00e9rience collective du Reiki (vid\u00e9o + PDF)<\/span><\/h5>\n<h5><span style=\"color: #000000;\"><strong>\ud83d\udcab <\/strong><strong>Module 13<\/strong> : Techniques japonaises du 1er degr\u00e9 (vid\u00e9o + PDF)<\/span><\/h5>\n<h5><span style=\"color: #000000;\"><strong>\ud83d\udcab <\/strong><strong>Module 14<\/strong> : Utiliser le Reiki pour les animaux, plantes, et min\u00e9raux (vid\u00e9o + PDF)<\/span><\/h5>\n<h5><span style=\"color: #000000;\"><strong>\ud83d\udcab <\/strong><strong>Module 15<\/strong> : Conclusion et perspectives (vid\u00e9o + PDF)<\/span><\/h5>\n<h5><span style=\"color: #000000;\"><strong>\ud83d\udcab Module 16<\/strong> : Introduction au 2\u00e8me degr\u00e9 de Reiki (vid\u00e9o + PDF)<\/span><\/h5>\n<h5><span style=\"color: #000000;\"><strong>\ud83d\udcab <\/strong><strong>Module 17<\/strong>\u00a0: Pr\u00e9sentation et objectifs du 2\u00e8me degr\u00e9 (vid\u00e9o + PDF)<\/span><\/h5>\n<h5><span style=\"color: #000000;\"><strong>\ud83d\udcab <\/strong><strong>Module 18<\/strong>\u00a0: Les 21 jours d\u2019autotraitement post-formation (vid\u00e9o + PDF)<\/span><\/h5>\n<h5><span style=\"color: #000000;\"><strong>\ud83d\udcab <\/strong><strong>Module 19<\/strong> : Les kotodamas \u2013 sons sacr\u00e9s et th\u00e9rapeutiques (vid\u00e9o + PDF + audio)<\/span><\/h5>\n<h5><span style=\"color: #000000;\"><strong>\ud83d\udcab <\/strong><strong>Module 20<\/strong>\u00a0: Des kotodamas aux symboles sacr\u00e9s (vid\u00e9o + PDF)<\/span><\/h5>\n<h5><span style=\"color: #000000;\"><strong>\ud83d\udcab <\/strong><strong>Module 21<\/strong>\u00a0: Activation et utilisation des symboles (vid\u00e9o + PDF)<\/span><\/h5>\n<h5><span style=\"color: #000000;\"><strong>\ud83d\udcab <\/strong><strong>Module 22<\/strong>\u00a0: Les 3 symboles conventionnels de Reiki (vid\u00e9o + PDF + audio)<\/span><\/h5>\n<h5><span style=\"color: #000000;\"><strong>\ud83d\udcab <\/strong><strong>Module 23<\/strong>\u00a0: Le symbole du c\u0153ur et sa puissance (vid\u00e9o + PDF)<\/span><\/h5>\n<h5><span style=\"color: #000000;\"><strong>\ud83d\udcab <\/strong><strong>Module 24<\/strong>\u00a0: Application des symboles dans l\u2019autotraitement (vid\u00e9o + PDF)<\/span><\/h5>\n<h5><span style=\"color: #000000;\"><strong>\ud83d\udcab <\/strong><strong>Module 25<\/strong>\u00a0: Les r\u00e8gles d\u2019or du praticien de Reiki (vid\u00e9o + PDF)<\/span><\/h5>\n<h5><span style=\"color: #000000;\"><strong>\ud83d\udcab <\/strong><strong>Module 26<\/strong> : Utilisation des symboles dans la s\u00e9ance \u00e0 autrui (vid\u00e9o + PDF)<\/span><\/h5>\n<h5><span style=\"color: #000000;\"><strong>\ud83d\udcab <\/strong><strong>Module 27<\/strong>\u00a0: Techniques d\u2019envoi de Reiki \u00e0 distance (vid\u00e9o + PDF)<\/span><\/h5>\n<h5><span style=\"color: #000000;\"><strong>\ud83d\udcab <\/strong><strong>Module 28<\/strong>\u00a0: Cristal de roche et amplificateur de Reiki (vid\u00e9o + PDF)<\/span><\/h5>\n<h5><span style=\"color: #000000;\"><strong>\ud83d\udcab <\/strong><strong>Module 29<\/strong>\u00a0: Techniques japonaises de Reiki \u2013 2\u00e8me degr\u00e9 (vid\u00e9o + PDF)<\/span><\/h5>\n<h5><span style=\"color: #000000;\"><strong>\ud83d\udcab <\/strong><strong>Module 30<\/strong>\u00a0: Conclusion et perspectives d\u2019\u00e9volution (vid\u00e9o + PDF)<\/span><\/h5>\n<h5><\/h5>\n<p><span style=\"color: #000000;\">\ud83d\udcc4 <strong>Annexes<\/strong> : Divers documents PDF<br \/>\n<\/span><\/p>\n<hr \/>\n<p><span style=\"color: #000000;\">Avec ce pack, devenez un praticien Reiki du 1er et 2\u00e8me degr\u00e9 accompli, pr\u00eat \u00e0 int\u00e9grer le Reiki dans votre vie personnelle et professionnelle ! <strong>\ud83d\udcab<\/strong><\/span><\/p>\n<p>&nbsp;<\/p>\n<h4><span style=\"color: #ff0000;\">*Apr\u00e8s validation de votre commande, vous recevrez un mail contenant le lien pour t\u00e9l\u00e9charger votre article. Regardez bien vos SPAMS ! Vous pourrez \u00e9galement y acc\u00e9der en vous connectant \u00e0 votre compte client (ic\u00f4ne en haut \u00e0 droite de la boutique). A noter : Le lien est valable 8 jours et ne peut \u00eatre r\u00e9activ\u00e9. T\u00e9l\u00e9chargez le (ou les) \u00e9l\u00e9ments sur vos supports d\u00e8s votre achat.<\/span><\/h4>\n","protected":false},"featured_media":20844,"comment_status":"open","ping_status":"closed","template":"","meta":{"ocean_post_layout":"","ocean_both_sidebars_style":"","ocean_both_sidebars_content_width":0,"ocean_both_sidebars_sidebars_width":0,"ocean_sidebar":"","ocean_second_sidebar":"","ocean_disable_margins":"enable","ocean_add_body_class":"","ocean_shortcode_before_top_bar":"","ocean_shortcode_after_top_bar":"","ocean_shortcode_before_header":"","ocean_shortcode_after_header":"","ocean_has_shortcode":"","ocean_shortcode_after_title":"","ocean_shortcode_before_footer_widgets":"","ocean_shortcode_after_footer_widgets":"","ocean_shortcode_before_footer_bottom":"","ocean_shortcode_after_footer_bottom":"","ocean_display_top_bar":"default","ocean_display_header":"default","ocean_header_style":"","ocean_center_header_left_menu":"","ocean_custom_header_template":"","ocean_custom_logo":0,"ocean_custom_retina_logo":0,"ocean_custom_logo_max_width":0,"ocean_custom_logo_tablet_max_width":0,"ocean_custom_logo_mobile_max_width":0,"ocean_custom_logo_max_height":0,"ocean_custom_logo_tablet_max_height":0,"ocean_custom_logo_mobile_max_height":0,"ocean_header_custom_menu":"","ocean_menu_typo_font_family":"","ocean_menu_typo_font_subset":"","ocean_menu_typo_font_size":0,"ocean_menu_typo_font_size_tablet":0,"ocean_menu_typo_font_size_mobile":0,"ocean_menu_typo_font_size_unit":"px","ocean_menu_typo_font_weight":"","ocean_menu_typo_font_weight_tablet":"","ocean_menu_typo_font_weight_mobile":"","ocean_menu_typo_transform":"","ocean_menu_typo_transform_tablet":"","ocean_menu_typo_transform_mobile":"","ocean_menu_typo_line_height":0,"ocean_menu_typo_line_height_tablet":0,"ocean_menu_typo_line_height_mobile":0,"ocean_menu_typo_line_height_unit":"","ocean_menu_typo_spacing":0,"ocean_menu_typo_spacing_tablet":0,"ocean_menu_typo_spacing_mobile":0,"ocean_menu_typo_spacing_unit":"","ocean_menu_link_color":"","ocean_menu_link_color_hover":"","ocean_menu_link_color_active":"","ocean_menu_link_background":"","ocean_menu_link_hover_background":"","ocean_menu_link_active_background":"","ocean_menu_social_links_bg":"","ocean_menu_social_hover_links_bg":"","ocean_menu_social_links_color":"","ocean_menu_social_hover_links_color":"","ocean_disable_title":"default","ocean_disable_heading":"default","ocean_post_title":"","ocean_post_subheading":"","ocean_post_title_style":"","ocean_post_title_background_color":"","ocean_post_title_background":0,"ocean_post_title_bg_image_position":"","ocean_post_title_bg_image_attachment":"","ocean_post_title_bg_image_repeat":"","ocean_post_title_bg_image_size":"","ocean_post_title_height":0,"ocean_post_title_bg_overlay":0.5,"ocean_post_title_bg_overlay_color":"","ocean_disable_breadcrumbs":"default","ocean_breadcrumbs_color":"","ocean_breadcrumbs_separator_color":"","ocean_breadcrumbs_links_color":"","ocean_breadcrumbs_links_hover_color":"","ocean_display_footer_widgets":"default","ocean_display_footer_bottom":"default","ocean_custom_footer_template":""},"product_brand":[],"product_cat":[145,106],"product_tag":[],"class_list":{"0":"post-20791","1":"product","2":"type-product","3":"status-publish","4":"has-post-thumbnail","6":"product_cat-formations-reiki-en-ligne","7":"product_cat-formations-en-ligne","9":"entry","10":"has-media","12":"first","13":"instock","14":"downloadable","15":"virtual","16":"purchasable","17":"product-type-simple","18":"has-rating","19":"col","20":"span_1_of_3","21":"owp-content-center","22":"item-entry","23":"owp-thumbs-layout-horizontal","24":"owp-btn-normal","25":"owp-tabs-layout-horizontal","26":"circle-sale"},"booking_location":null,"booking_location_type":null,"booking_duration":null,"booking_duration_unit":null,"booking_buffer":null,"booking_cost":null,"booking_resources":null,"aioseo_notices":[],"_links":{"self":[{"href":"https:\/\/www.laurene-baldassara.com\/boutique\/wp-json\/wp\/v2\/product\/20791","targetHints":{"allow":["GET"]}}],"collection":[{"href":"https:\/\/www.laurene-baldassara.com\/boutique\/wp-json\/wp\/v2\/product"}],"about":[{"href":"https:\/\/www.laurene-baldassara.com\/boutique\/wp-json\/wp\/v2\/types\/product"}],"replies":[{"embeddable":true,"href":"https:\/\/www.laurene-baldassara.com\/boutique\/wp-json\/wp\/v2\/comments?post=20791"}],"version-history":[{"count":8,"href":"https:\/\/www.laurene-baldassara.com\/boutique\/wp-json\/wp\/v2\/product\/20791\/revisions"}],"predecessor-version":[{"id":23061,"href":"https:\/\/www.laurene-baldassara.com\/boutique\/wp-json\/wp\/v2\/product\/20791\/revisions\/23061"}],"wp:featuredmedia":[{"embeddable":true,"href":"https:\/\/www.laurene-baldassara.com\/boutique\/wp-json\/wp\/v2\/media\/20844"}],"wp:attachment":[{"href":"https:\/\/www.laurene-baldassara.com\/boutique\/wp-json\/wp\/v2\/media?parent=20791"}],"wp:term":[{"taxonomy":"product_brand","embeddable":true,"href":"https:\/\/www.laurene-baldassara.com\/boutique\/wp-json\/wp\/v2\/product_brand?post=20791"},{"taxonomy":"product_cat","embeddable":true,"href":"https:\/\/www.laurene-baldassara.com\/boutique\/wp-json\/wp\/v2\/product_cat?post=20791"},{"taxonomy":"product_tag","embeddable":true,"href":"https:\/\/www.laurene-baldassara.com\/boutique\/wp-json\/wp\/v2\/product_tag?post=20791"}],"curies":[{"name":"wp","href":"https:\/\/api.w.org\/{rel}","templated":true}]}}