{"id":6359,"date":"2019-09-02T16:10:39","date_gmt":"2019-09-02T14:10:39","guid":{"rendered":"https:\/\/www.laurene-baldassara.com\/?post_type=product&#038;p=6359"},"modified":"2025-10-09T11:44:34","modified_gmt":"2025-10-09T09:44:34","slug":"voyance-par-telephone-tous-domaines-30-mns","status":"publish","type":"product","link":"https:\/\/www.laurene-baldassara.com\/boutique\/produit\/voyance-par-telephone-tous-domaines-30-mns\/","title":{"rendered":"Voyance par t\u00e9l\u00e9phone &#8211; tous domaines &#8211; Consultation 30 mns"},"content":{"rendered":"","protected":false},"excerpt":{"rendered":"<h4><span style=\"color: #000000;\"><span class=\"plainfixedwidth\">\ud83c\udf1f Cette consultation de voyance par t\u00e9l\u00e9phone compl\u00e8te (30 mns) est parfaite pour r\u00e9pondre \u00e0 toutes les questions vous concernant uniquement, qu&rsquo;elles concernent : <\/span><span class=\"plainfixedwidth\">l&rsquo;amour, la carri\u00e8re, les projets immobiliers, ou la spiritualit\u00e9 \u2728. <\/span><\/span><\/h4>\n<style id=\"sp_tabs_dynamic_css21997\">#sp-tabpro-wrapper_21997 > .sp-tab__nav {justify-content: start;}#sp-tabpro-wrapper_21997.sp-tab__lay-default > ul {gap: 1px;}#sp-tabpro-wrapper_21997 .sp-tab__nav-tabs .sp-tab__nav-link.sp-tab__active .sp-tab__tab_title {color: #8e2c94;}#sp-tabpro-wrapper_21997.sp-tab__lay-default > ul li > label,#sp-tabpro-wrapper_21997.sp-tab__lay-default > ul.sp-tab__nav > .slick-list .sp-tab__nav-item > label,#sp-tabpro-wrapper_21997.sp-tab__lay-default > ul li > a {cursor: pointer;padding-top: 15px;padding-right: 15px;padding-bottom: 15px;padding-left: 15px;box-shadow: none;}#sp-tabpro-wrapper_21997 .sp-tab__nav-tabs .sp-tab__nav-link {border: 1px solid #8e2c94;height: 100%;}#sp-tabpro-wrapper_21997.sp-tab__lay-default > ul li > label,#sp-tabpro-wrapper_21997.sp-tab__lay-default > ul li > a,#sp-tabpro-wrapper_21997.sp-tab__lay-default > ul .sp-tab__nav-item {border-top-left-radius: 2px;border-top-right-radius: 2px;}#sp-tabpro-wrapper_21997 > .sp-tab__nav-tabs .sp-tab__nav-item {margin-bottom: -1px;}#sp-tabpro-wrapper_21997 .sp-tab__nav-tabs .sp-tab__nav-item.show .sp-tab__nav-link,#sp-tabpro-wrapper_21997.sp-tab__lay-default > ul li > label.sp-tab__active {border-color: #8e2c94#8e2c94 transparent;}#sp-tabpro-wrapper_21997.sp-tab__lay-default > ul .sp-tab__nav-item .sp-tab__nav-link:not(.sp-tab__active) {background-color: #8e2c94;transition: 0.3s;}#sp-tabpro-wrapper_21997.sp-tab__lay-default .sp-tab__tab-content > .sp-tab__tab-pane .sp-tab__card-header{background-color: #8e2c94;}#sp-tabpro-wrapper_21997 .sp-tab__nav-tabs .sp-tab__nav-item.show .sp-tab__nav-link,#sp-tabpro-wrapper_21997 .sp-tab__nav-tabs .sp-tab__nav-item .sp-tab__nav-link.sp-tab__active {background-color: #ffffff;}#sp-tabpro-wrapper_21997.sp-tab__lay-default > ul .sp-tab__nav-item .sp-tab__nav-link:not(.sp-tab__active):hover,#sp-tabpro-wrapper_21997.sp-tab__lay-default .sp-tab__tab-content > .sp-tab__tab-pane .sp-tab__card-header:hover {background-color: #fff;}#sp-tabpro-wrapper_21997.tab-layout-vertical .sp-tab__nav-tabs .sp-tab__nav-item .sp-tab__nav-link {width: 100%;}#sp-tabpro-wrapper_21997.sp-tab__lay-default > ul .sp-tab__nav-item:last-child {margin-right: 0;}#sp-tabpro-wrapper_21997.sp-tab__lay-default > ul .sp-tab__nav-item label:not(.sp-tab__active):hover .sp-tab__tab_title,#sp-tabpro-wrapper_21997.sp-tab__lay-default > ul .sp-tab__nav-item a:not(.sp-tab__active):hover .sp-tab__tab_title {color: #8e2c94;transition: .3s;}#sp-tabpro-wrapper_21997.sp-tab__lay-default .sp-tab__tab-content > .sp-tab__tab-pane .sp-tab__image-wrapper {grid-gap: 24px;}#sp-tabpro-wrapper_21997.sp-tab__lay-default > ul li > label > span > i.sp-tab-fa,#sp-tabpro-wrapper_21997.sp-tab__lay-default > ul.sp-tab__nav > .slick-list .sp-tab__nav-item > label > span > i.sp-tab-fa,#sp-tabpro-wrapper_21997.sp-tab__lay-default > ul li > a > span > i.sp-tab-fa {color: #ffffff;font-size: 16px;}#sp-tabpro-wrapper_21997.sp-tab__lay-default > ul li span .tabs-custom-icon {width: 16px;max-width: 100%;}#sp-tabpro-wrapper_21997 .sp-tab__nav-tabs .sp-tab__nav-link.sp-tab__active i.sp-tab-fa,#sp-tabpro-wrapper_21997.sp-tab__lay-default > ul.sp-tab__nav > .slick-list .sp-tab__nav-item > .sp-tab__nav-link.sp-tab__active > span > i.sp-tab-fa {color: #8e2c94;}#sp-tabpro-wrapper_21997.sp-tab__lay-default ul .sp-tab__nav-item label:not(.sp-tab__active):hover i.sp-tab-fa,#sp-tabpro-wrapper_21997.sp-tab__lay-default > ul.sp-tab__nav > .slick-list .sp-tab__nav-item > label:not(.sp-tab__active):hover > span > i.sp-tab-fa,#sp-tabpro-wrapper_21997.sp-tab__lay-default ul .sp-tab__nav-item a:hover i.sp-tab-fa{color: #8e2c94;}#sp-tabpro-wrapper_21997.sp-tab__lay-default > ul li > label > span > i.sp-tab-fa,#sp-tabpro-wrapper_21997.sp-tab__lay-default > ul.sp-tab__nav > .slick-list .sp-tab__nav-item > label > span > i.sp-tab-fa,#sp-tabpro-wrapper_21997.sp-tab__lay-default > ul li > a > span > i.sp-tab-fa,#sp-tabpro-wrapper_21997.sp-tab__lay-default > ul li span .tabs-custom-icon{ margin-right: 5px;}#sp-tabpro-wrapper_21997 .sp-tab__nav-tabs .sp-tab__nav-link {display: flex;justify-content: center;align-items: center;position: relative;z-index:1;}#sp-tabpro-wrapper_21997.sp-tab__lay-default .sp-tab__tab-content {width: 100%;}#sp-tabpro-wrapper_21997 .animated {-webkit-animation-duration: 500ms;animation-duration: 500ms;}#sp-tabpro-wrapper_21997.sp-tab__lay-default .sp-tab__tab-content > .sp-tab__tab-pane {border: 1px solid #8e2c94;padding-top: 20px;padding-right: 20px;padding-bottom: 20px;padding-left: 20px;background-color: #ffffff;border-radius: 0px;}@media(max-width:480px) {#sp-tabpro-wrapper_21997.sp-tab__lay-default > ul{gap: 0;}#sp-tabpro-wrapper_21997.sp-tab__lay-default > ul > li.sp-tab__nav-item {width: 100%;margin-right: 0px;}#sp-tabpro-wrapper_21997.sp-tab__lay-default > ul > li.sp-tab__nav-item:last-child {margin-bottom: 1px;}}#sp-tabpro-wrapper_21997.sp-tab__lay-default .sp-tab__tab-content .sp-tab__card-header,#sp-tabpro-wrapper_21997.sp-tab__lay-default > ul .sp-tab__nav-item .sp-tab__tab_title {font-weight: 600;font-style: normal;text-align: center;justify-content: center;text-transform: none;font-size: 16px;line-height: 22px;letter-spacing: 0px;color: #ffffff;margin: 0px;width: 100%;}#sp-tabpro-wrapper_21997.sp-tab__lay-default > ul .sp-tab__nav-item span.sp-tab__tab_subtitle {text-align: center;text-transform: none;font-size: 14px;line-height: 18px;letter-spacing: 0px;color: #616161;margin-top: 5px;word-break: break-all;}#sp-tabpro-wrapper_21997 .sp-tab__nav-tabs .sp-tab__nav-link.sp-tab__active span.sp-tab__tab_subtitle {color: #616161;}#sp-tabpro-wrapper_21997 > ul .sp-tab__nav-item label:hover .sp-tab__tab_subtitle,#sp-tabpro-wrapper_21997 > ul .sp-tab__nav-item a:hover .sp-tab__tab_subtitle {color: #616161;transition: .3s;}#sp-tabpro-wrapper_21997.sp-tab__lay-default .sp-tab__tab-content > .sp-tab__tab-pane, #sp-tabpro-wrapper_21997 .sp-tab__tab-content p, #sp-tabpro-wrapper_21997.sp-tab__lay-default .sp-tab__tab-content > .sp-tab__tab-pane a.sp-tab__link,#sp-tabpro-wrapper_21997.sp-tab__lay-default .sp-tab__tab-content > .sp-tab__tab-pane li {text-align: left;text-transform: none;font-size: 16px;line-height: 24px;letter-spacing: 0px;color: #444;text-decoration: none;}#sp-tabpro-wrapper_21997.sp-tab__lay-default .sp-tab__tab-content > .sp-tab__tab-pane label{margin:0;}<\/style><div id=\"sp-tabpro-wrapper_21997\" class=\"sp-tab__lay-default  tab-layout-horizontal\" data-preloader=\"1\" data-activemode=\"tabs-activator-event-click\" data-autoplaytime=\"3000\" data-pause_on_hover=\"1\" data-tab_resize_event=\"false\" data-valignfill=\"\" data-animate_scroll_top=\"1\" data-anchor_linking=\"1\"><div id=\"sp-tabpro-preloader-21997\" class=\"sp-tab__preloader\">\n\t\t<img decoding=\"async\" src=\"https:\/\/www.laurene-baldassara.com\/boutique\/wp-content\/plugins\/wp-tabs-pro\/src\/Modules\/WPTabs\/Frontend\/Assets\/css\/spinner.svg\" alt=\"loader-icon\"\/>\n\t<\/div><ul class=\"sp-tab__nav sp-tab__nav-tabs \" data-slick='{\"slidesToShow\":4, \"infinite\":true, \"responsive\": [{\"breakpoint\":1280,\"settings\": { \"slidesToShow\":4} },{\"breakpoint\":980,\"settings\": { \"slidesToShow\":3} },{\"breakpoint\":736,\"settings\": { \"slidesToShow\":2} },{\"breakpoint\":481,\"settings\": { \"slidesToShow\":1} }]}' data-screen-size=\"480\" data-small-screen-type=\"full_widht\" data-variable_width=\"false\" id=\"sp-tab__ul\" role=\"tablist\"><li class=\"sp-tab__nav-item\" role=\"tab\" ><label class=\"sp-tab__nav-link sp-tab__active\" data-sptoggle=\"tab\" for=\"#tab-219971\"  aria-controls=\"tab-219971\" aria-selected=\"true\" tabindex=\"0\"><span class=\"tab_title_area\"><i class=\"fa fa fa-star sp-tab-fa\"> <\/i><H4 class=\"sp-tab__tab_title\">Pr\u00e9sentation<\/H4><\/span><\/label><\/li><li class=\"sp-tab__nav-item\" role=\"tab\" ><label class=\"sp-tab__nav-link\" data-sptoggle=\"tab\" for=\"#tab-219972\"  aria-controls=\"tab-219972\" aria-selected=\"true\" tabindex=\"0\"><span class=\"tab_title_area\"><i class=\"fa fa fa-eye sp-tab-fa\"> <\/i><H4 class=\"sp-tab__tab_title\">D\u00e9roulement<\/H4><\/span><\/label><\/li><li class=\"sp-tab__nav-item\" role=\"tab\" ><label class=\"sp-tab__nav-link\" data-sptoggle=\"tab\" for=\"#tab-219973\"  aria-controls=\"tab-219973\" aria-selected=\"true\" tabindex=\"0\"><span class=\"tab_title_area\"><i class=\"fa fa fa-user sp-tab-fa\"> <\/i><H4 class=\"sp-tab__tab_title\">Qui suis-je ?<\/H4><\/span><\/label><\/li><li class=\"sp-tab__nav-item\" role=\"tab\" ><label class=\"sp-tab__nav-link\" data-sptoggle=\"tab\" for=\"#tab-219974\"  aria-controls=\"tab-219974\" aria-selected=\"true\" tabindex=\"0\"><span class=\"tab_title_area\"><i class=\"fa fa fa-info-circle sp-tab-fa\"> <\/i><H4 class=\"sp-tab__tab_title\">Informations<\/H4><\/span><\/label><\/li><\/ul>\n<div class=\"sp-tab__tab-content\">\t\t<div class=\"sp-tab__tab-pane sp-tab__show sp-tab__active\" id=\"tab-219971\" role=\"tabpanel\" aria-hidden=\"false\" >\n\t\t\t<div class=\"animated fadeIn \">\n\t\t\t<p><span style=\"color: #000000;\">Lors de chaque consultation spirituelle, je me connecte \u00e0 vos guides spirituels pour vous transmettre les messages essentiels qu'ils me confient. Ces messages ont pour but de vous orienter et de vous apporter des r\u00e9ponses claires dans tous les aspects de votre vie : qu'il s'agisse de votre vie sentimentale, familiale, de vos projets professionnels, de votre situation financi\u00e8re, ou encore de votre \u00e9volution spirituelle.<\/span><\/p>\n<p><span style=\"color: #000000;\">Une consultation de voyance ne se limite pas \u00e0 vous fournir des pr\u00e9dictions. Mon objectif est de vous offrir des cl\u00e9s concr\u00e8tes pour avancer sereinement et faire les meilleurs choix pour vous. Ensemble, nous co-cr\u00e9ons votre chemin de vie !<\/span><\/p>\n<p><span style=\"color: #000000;\"><span class=\"plainfixedwidth\">\ud83c\udf1f Cette <strong>consultation de voyance par t\u00e9l\u00e9phone compl\u00e8te (30 minutes) est parfaite pour r\u00e9pondre \u00e0 toutes les questions vous concernant uniquement, qu\u2019elles concernent<\/strong> : <\/span><span class=\"plainfixedwidth\">l\u2019amour, la carri\u00e8re, les projets immobiliers, ou la spiritualit\u00e9 \u2728. <\/span><\/span><\/p>\n<p><span class=\"plainfixedwidth\" style=\"color: #000000;\">Ensemble, nous aborderons tous les sujets de votre choix, pour vous offrir des r\u00e9ponses claires et pr\u00e9cises, dans le temps imparti \u23f3.<\/span><\/p>\n<p class=\"plain\"><span style=\"color: #000000;\">Le plus : <strong>Je n\u2019utilise aucun support<\/strong>, seulement votre voix, ce qui me permet d\u2019obtenir des informations claires et rapides pour vous !<\/span><\/p>\n<hr \/>\n<h4><span class=\"plainfixedwidth\" style=\"color: #000000;\">Les avantages de cette consultation compl\u00e8te :<\/span><\/h4>\n<p><span style=\"color: #000000;\">\ud83e\udd8b <strong>Tous les domaines qui vous concerne uniquement (sauf sant\u00e9, magie et mort)<\/strong><\/span><\/p>\n<p><span style=\"color: #000000;\">\ud83e\udd8b <strong>Plus qu\u2019une voyance, une guidance pour vous aider \u00e0 avancer<\/strong><\/span><\/p>\n<p><span style=\"color: #000000;\">\ud83e\udd8b <strong>Aucun support !<\/strong><\/span><\/p>\n<hr \/>\n<h4 class=\"plain\"><span style=\"color: #000000;\"><strong><span class=\"plainfixedwidth\">\ud83d\udcc5 R\u00e9servez d\u00e8s maintenant votre consultation dans le calendrier (ci dessous) pour votre voyance par t\u00e9l\u00e9phone, o\u00f9 que vous soyez.<\/span><\/strong><\/span><\/h4>\n\t\t\t<\/div>\n\t\t<\/div>\n\t\t\t\t<div class=\"sp-tab__tab-pane \" id=\"tab-219972\" role=\"tabpanel\" aria-hidden=\"false\" >\n\t\t\t<div class=\"animated fadeIn \">\n\t\t\t<p class=\" additional-class-1393483270 bd-content-element\"><span style=\"color: #000000;\">Le jour \"J\", je vous contacterai personnellement pour notre consultation de voyance.<\/span><\/p>\n<p class=\" additional-class-1393483270 bd-content-element\"><span style=\"color: #000000;\">Vous \u00eates en France ? Je vous appellerai sur votre ligne mobile<\/span><\/p>\n<p class=\" additional-class-1393483270 bd-content-element\"><span style=\"color: #000000;\">Vous \u00eates \u00e0 l'\u00e9tranger ? Je vous appellerai via WhatsApp exclusivement !<\/span><\/p>\n<p class=\" additional-class-1393483270 bd-content-element\"><span style=\"color: #000000;\">Je vous contacterai personnellement pour notre consultation de voyance. Pour bien vous pr\u00e9parer, je vous recommande de lister vos questions \u00e0 l'avance. Bien que je ne vous demanderai pas cette liste, cela vous aidera \u00e0 organiser vos pens\u00e9es et \u00e0 ne rien oublier d'important.<\/span><\/p>\n<p class=\" additional-class-837090925 bd-content-element\"><span style=\"color: #000000;\">Au d\u00e9but de notre consultation, je commencerai par vous transmettre les premi\u00e8res informations re\u00e7ues lors de ma connexion avec vos guides spirituels avant notre appel. Ensuite, nous explorerons ensemble tous vos questionnements en profondeur, sur toutes les questions qui vous concerne.<\/span><\/p>\n<p class=\" additional-class-729445 bd-content-element\"><span style=\"color: #000000;\"><strong>Pr\u00e9paration pour la Consultation :<\/strong><\/span><\/p>\n<p class=\" additional-class-1357513161 bd-content-element\"><span style=\"color: #000000;\"><strong>\ud83d\udc49Informations requises<\/strong>\u00a0: Pour notre consultation de voyance, je n'ai besoin que de votre pr\u00e9nom, votre \u00e2ge et votre ville. Aucune photo n'est n\u00e9cessaire. Je travaille sans support, en connexion directe avec vos guides spirituels, qui me transmettent des messages auditifs et visuels.<\/span><\/p>\n<p class=\" additional-class-885139880 bd-content-element\"><span style=\"color: #000000;\"><strong>\ud83d\udc49<\/strong><\/span><span style=\"color: #000000;\"><strong>\u00c9thique et D\u00e9ontologie : <\/strong><\/span><span style=\"color: #000000;\"><strong><span style=\"color: #ff0000;\">Je r\u00e9pondrai \u00e0 toutes vos questions, sauf celles concernant la mort, la sant\u00e9 et les jeux de hasard, pour des raisons d\u00e9ontologiques<\/span>. D\u00e9couvrez ma charte de d\u00e9ontologie\u00a0<\/strong><a style=\"color: #000000;\" href=\"https:\/\/www.laurene-baldassara.com\/charte-de-deontologie.html\"><b>ici<\/b><\/a>.<\/span><\/p>\n<p class=\" additional-class-31137830 bd-content-element\"><span style=\"color: #000000;\"><strong>Remarque :<\/strong>\u00a0<strong>Je n'offre pas de consultations sp\u00e9cifiques pour entrer en contact avec un d\u00e9funt. Cependant, il arrive que des messages de l'au-del\u00e0 me soient transmis spontan\u00e9ment durant une s\u00e9ance.<\/strong><\/span><\/p>\n\t\t\t<\/div>\n\t\t<\/div>\n\t\t\t\t<div class=\"sp-tab__tab-pane \" id=\"tab-219973\" role=\"tabpanel\" aria-hidden=\"false\" >\n\t\t\t<div class=\"animated fadeIn \">\n\t\t\t<div class=\"elementor-element elementor-element-226f0f7 elementor-widget elementor-widget-text-editor\" data-id=\"226f0f7\" data-element_type=\"widget\" data-widget_type=\"text-editor.default\">\n<div class=\"elementor-widget-container\" style=\"text-align: center;\">\n<h4><span class=\"OYPEnA font-feature-liga-off font-feature-clig-off font-feature-calt-off text-decoration-none text-strikethrough-none\" style=\"color: #8e2c94;\">Laur\u00e8ne Baldassara<\/span><\/h4>\n<h4><span class=\"OYPEnA font-feature-liga-off font-feature-clig-off font-feature-calt-off text-decoration-none text-strikethrough-none\" style=\"color: #000000;\">M\u00e9dium spirituelle<\/span><\/h4>\n<\/div>\n<\/div>\n<div class=\"elementor-element elementor-element-79892e8 elementor-widget elementor-widget-text-editor\" data-id=\"79892e8\" data-element_type=\"widget\" data-widget_type=\"text-editor.default\">\n<div class=\"elementor-widget-container\">\n<h4 style=\"text-align: center;\"><span style=\"color: #000000;\">D\u00e9couvrez Laur\u00e8ne Baldassara :<span style=\"color: #8e2c94;\"> <strong><a style=\"color: #8e2c94;\" href=\"https:\/\/www.laurene-baldassara.com\/presentation-laurene-baldassara.html\">Cliquez ici<\/a><\/strong><\/span><\/span><\/h4>\n<\/div>\n<\/div>\n\t\t\t<\/div>\n\t\t<\/div>\n\t\t\t\t<div class=\"sp-tab__tab-pane \" id=\"tab-219974\" role=\"tabpanel\" aria-hidden=\"false\" >\n\t\t\t<div class=\"animated fadeIn \">\n\t\t\t<h4><span style=\"color: #000000;\"><strong>\ud83d\udc9c <\/strong><strong><span style=\"color: #8e2c94;\">A qui s\u2019adresse cette prestation ?<\/span><br \/>\n<\/strong><\/span><\/h4>\n<p><span style=\"color: #000000;\">A toute personne souhaitant \u00eatre \u00e9clair\u00e9e sur son chemin ! Vous \u00eates pr\u00eat \u00e0 recevoir l'aide du monde de l'invisible afin d'avancer dans la bonne direction pour vous ?\u00a0<\/span><\/p>\n<h4 class=\"plain\"><span class=\"plainfixedwidth\" style=\"color: #000000;\">\ud83d\udcc5 R\u00e9servez d\u00e8s maintenant votre consultation dans le calendrier ci dessous, pour une voyance par t\u00e9l\u00e9phone, o\u00f9 que vous soyez.<\/span><\/h4>\n<p><span style=\"color: #339966;\"><strong>Apr\u00e8s votre r\u00e9servation et votre r\u00e8glement, vous recevrez une confirmation par mail. Regardez bien dans vos courriers ind\u00e9sirables ! Je vous appellerai sur le num\u00e9ro que vous avez indiqu\u00e9, au moment de notre RDV. Attention ! Les r\u00e9servations ne peuvent \u00eatre ni rembours\u00e9es ni report\u00e9es.<\/strong><\/span><\/p>\n<p>\ud83d\udcb3 <span style=\"color: #000000;\"><strong>Paiement en 4 fois sans frais<\/strong><\/span><\/p>\n<h4><span style=\"color: #ff0000;\">*Apr\u00e8s validation de votre commande, vous recevrez une confirmation par\u00a0 mail. Regardez bien vos SPAMS ! Vous pourrez \u00e9galement y acc\u00e9der en vous connectant \u00e0 votre compte client (ic\u00f4ne en haut \u00e0 droite de la boutique).<\/span><\/h4>\n\t\t\t<\/div>\n\t\t<\/div>\n\t\t<\/div>\n<\/div>\n<p>&nbsp;<\/p>\n<hr \/>\n<p style=\"text-align: center;\"><strong><span style=\"color: #67d132;\">Cases vertes <span style=\"color: #000000;\">avec<\/span> blocs disponibles <span style=\"color: #000000;\">= <\/span><\/span><\/strong><span style=\"color: #000000;\"><strong>Des RDV sont disponibles !<\/strong><\/span><\/p>\n<p style=\"text-align: center;\"><strong><span style=\"color: #67d132;\"><span style=\"color: #000000;\">Cases vertes<\/span> <span style=\"color: #000000;\">avec<\/span> <span style=\"color: #000000;\">aucun bloc disponible<\/span> <span style=\"color: #000000;\">\/ Cases grises \/ Cases rouges<\/span><\/span><\/strong><\/p>\n<p style=\"text-align: center;\"><strong><span style=\"color: #67d132;\"><span style=\"color: #000000;\">= Pas de RDV disponible pour le moment.<\/span><\/span><\/strong><\/p>\n<p class=\"p1\" style=\"text-align: center;\"><span style=\"color: #000000;\"><strong>Revenez plus tard ! De nouvelles dates sont r\u00e9guli\u00e8rement mises en ligne<\/strong><\/span><\/p>\n","protected":false},"featured_media":23016,"comment_status":"open","ping_status":"closed","template":"","meta":{"ocean_post_layout":"","ocean_both_sidebars_style":"","ocean_both_sidebars_content_width":0,"ocean_both_sidebars_sidebars_width":0,"ocean_sidebar":"0","ocean_second_sidebar":"0","ocean_disable_margins":"enable","ocean_add_body_class":"","ocean_shortcode_before_top_bar":"","ocean_shortcode_after_top_bar":"","ocean_shortcode_before_header":"","ocean_shortcode_after_header":"","ocean_has_shortcode":"","ocean_shortcode_after_title":"","ocean_shortcode_before_footer_widgets":"","ocean_shortcode_after_footer_widgets":"","ocean_shortcode_before_footer_bottom":"","ocean_shortcode_after_footer_bottom":"","ocean_display_top_bar":"default","ocean_display_header":"default","ocean_header_style":"","ocean_center_header_left_menu":"0","ocean_custom_header_template":"0","ocean_custom_logo":0,"ocean_custom_retina_logo":0,"ocean_custom_logo_max_width":0,"ocean_custom_logo_tablet_max_width":0,"ocean_custom_logo_mobile_max_width":0,"ocean_custom_logo_max_height":0,"ocean_custom_logo_tablet_max_height":0,"ocean_custom_logo_mobile_max_height":0,"ocean_header_custom_menu":"0","ocean_menu_typo_font_family":"0","ocean_menu_typo_font_subset":"","ocean_menu_typo_font_size":0,"ocean_menu_typo_font_size_tablet":0,"ocean_menu_typo_font_size_mobile":0,"ocean_menu_typo_font_size_unit":"px","ocean_menu_typo_font_weight":"","ocean_menu_typo_font_weight_tablet":"","ocean_menu_typo_font_weight_mobile":"","ocean_menu_typo_transform":"","ocean_menu_typo_transform_tablet":"","ocean_menu_typo_transform_mobile":"","ocean_menu_typo_line_height":0,"ocean_menu_typo_line_height_tablet":0,"ocean_menu_typo_line_height_mobile":0,"ocean_menu_typo_line_height_unit":"","ocean_menu_typo_spacing":0,"ocean_menu_typo_spacing_tablet":0,"ocean_menu_typo_spacing_mobile":0,"ocean_menu_typo_spacing_unit":"","ocean_menu_link_color":"","ocean_menu_link_color_hover":"","ocean_menu_link_color_active":"","ocean_menu_link_background":"","ocean_menu_link_hover_background":"","ocean_menu_link_active_background":"","ocean_menu_social_links_bg":"","ocean_menu_social_hover_links_bg":"","ocean_menu_social_links_color":"","ocean_menu_social_hover_links_color":"","ocean_disable_title":"default","ocean_disable_heading":"default","ocean_post_title":"","ocean_post_subheading":"","ocean_post_title_style":"","ocean_post_title_background_color":"","ocean_post_title_background":0,"ocean_post_title_bg_image_position":"","ocean_post_title_bg_image_attachment":"","ocean_post_title_bg_image_repeat":"","ocean_post_title_bg_image_size":"","ocean_post_title_height":0,"ocean_post_title_bg_overlay":0.5,"ocean_post_title_bg_overlay_color":"","ocean_disable_breadcrumbs":"default","ocean_breadcrumbs_color":"","ocean_breadcrumbs_separator_color":"","ocean_breadcrumbs_links_color":"","ocean_breadcrumbs_links_hover_color":"","ocean_display_footer_widgets":"default","ocean_display_footer_bottom":"default","ocean_custom_footer_template":"0"},"product_brand":[],"product_cat":[107],"product_tag":[],"class_list":{"0":"post-6359","1":"product","2":"type-product","3":"status-publish","4":"has-post-thumbnail","6":"product_cat-voyance-par-telephone","8":"entry","9":"has-media","11":"first","12":"instock","13":"virtual","14":"sold-individually","15":"purchasable","16":"product-type-booking","17":"has-rating","18":"col","19":"span_1_of_3","20":"owp-content-center","21":"item-entry","22":"owp-thumbs-layout-horizontal","23":"owp-btn-normal","24":"owp-tabs-layout-horizontal","25":"has-no-thumbnails","26":"circle-sale"},"booking_location":"","booking_location_type":"","booking_duration":30,"booking_duration_unit":"minute","booking_buffer":15,"booking_cost":99,"booking_resources":[17612],"aioseo_notices":[],"_links":{"self":[{"href":"https:\/\/www.laurene-baldassara.com\/boutique\/wp-json\/wp\/v2\/product\/6359","targetHints":{"allow":["GET"]}}],"collection":[{"href":"https:\/\/www.laurene-baldassara.com\/boutique\/wp-json\/wp\/v2\/product"}],"about":[{"href":"https:\/\/www.laurene-baldassara.com\/boutique\/wp-json\/wp\/v2\/types\/product"}],"replies":[{"embeddable":true,"href":"https:\/\/www.laurene-baldassara.com\/boutique\/wp-json\/wp\/v2\/comments?post=6359"}],"version-history":[{"count":19,"href":"https:\/\/www.laurene-baldassara.com\/boutique\/wp-json\/wp\/v2\/product\/6359\/revisions"}],"predecessor-version":[{"id":18712,"href":"https:\/\/www.laurene-baldassara.com\/boutique\/wp-json\/wp\/v2\/product\/6359\/revisions\/18712"}],"wp:featuredmedia":[{"embeddable":true,"href":"https:\/\/www.laurene-baldassara.com\/boutique\/wp-json\/wp\/v2\/media\/23016"}],"wp:attachment":[{"href":"https:\/\/www.laurene-baldassara.com\/boutique\/wp-json\/wp\/v2\/media?parent=6359"}],"wp:term":[{"taxonomy":"product_brand","embeddable":true,"href":"https:\/\/www.laurene-baldassara.com\/boutique\/wp-json\/wp\/v2\/product_brand?post=6359"},{"taxonomy":"product_cat","embeddable":true,"href":"https:\/\/www.laurene-baldassara.com\/boutique\/wp-json\/wp\/v2\/product_cat?post=6359"},{"taxonomy":"product_tag","embeddable":true,"href":"https:\/\/www.laurene-baldassara.com\/boutique\/wp-json\/wp\/v2\/product_tag?post=6359"}],"curies":[{"name":"wp","href":"https:\/\/api.w.org\/{rel}","templated":true}]}}