{"id":8217,"date":"2019-10-11T16:15:07","date_gmt":"2019-10-11T14:15:07","guid":{"rendered":"https:\/\/www.laurene-baldassara.com\/?post_type=product&#038;p=8217"},"modified":"2025-10-27T04:07:39","modified_gmt":"2025-10-27T03:07:39","slug":"pack-ebook-fichier-mp3-les-kotodamas-des-sons-sacres-et-therapeutiques","status":"publish","type":"product","link":"https:\/\/www.laurene-baldassara.com\/boutique\/produit\/pack-ebook-fichier-mp3-les-kotodamas-des-sons-sacres-et-therapeutiques\/","title":{"rendered":"Les kotodamas + audio (MP3)"},"content":{"rendered":"","protected":false},"excerpt":{"rendered":"<h4><span style=\"color: #0777a3;\"><strong><span style=\"color: #8a3992;\">Les kotodamas (PDF) + fichier audio (<\/span><\/strong><\/span><span style=\"color: #0777a3;\"><strong><span style=\"color: #8a3992;\">\u00e0 t\u00e9l\u00e9charger)<\/span><\/strong><\/span><\/h4>\n<hr \/>\n<p><span style=\"color: #0777a3;\"><strong>\u2714\ufe0f<span style=\"color: #8a3992;\">Le contenu : <\/span><\/strong><\/span><span style=\"color: #000000;\">Qu&rsquo;est ce que les kotodamas ? &#8211; <\/span><span style=\"color: #000000;\">Presentation de 4 kotodamas &#8211; <\/span><span style=\"color: #000000;\">Comment travailler avec un kotodama <\/span><span style=\"color: #000000;\">+ fichier audio pour vous guider dans la prononciation des kotodamas<\/span><\/p>\n<p><span style=\"color: #333399;\"><strong><span style=\"color: #0777a3;\">\u2714\ufe0f<span style=\"color: #8a3992;\">Pourquoi ce manuel et son fichier audio sont faits pour vous ?<\/span><\/span> <\/strong><\/span><span style=\"color: #000000;\">Les kotodamas sont des <strong>sons sacr\u00e9s aux vertus th\u00e9rapeutiques<\/strong>. Mikao Usui, fondateur du Reiki, \u00e0 introduit 4 kotodamas dans ses enseignements. Ils sont accessibles \u00e0 toute personne initi\u00e9e au reiki comme aux personnes non initi\u00e9es. Dans tous les cas, ils sont <strong>une voie d&rsquo;\u00e9l\u00e9vation spirituelle<\/strong> &#8230; <\/span><span style=\"color: #000000;\">Vous pourrez \u00e9galement les utiliser sur autrui, dans un cadre personnel ou professionnel.<\/span><\/p>\n<h4><span style=\"color: #ff0000;\">*Apr\u00e8s validation de votre commande, vous recevrez un mail contenant les informations pour t\u00e9l\u00e9charger votre article. Regardez bien vos SPAMS ! Vous pourrez \u00e9galement y acc\u00e9der en vous connectant \u00e0 votre compte client (ic\u00f4ne en haut \u00e0 droite de la boutique)<\/span><\/h4>\n","protected":false},"featured_media":17640,"comment_status":"open","ping_status":"closed","template":"","meta":{"ocean_post_layout":"","ocean_both_sidebars_style":"","ocean_both_sidebars_content_width":0,"ocean_both_sidebars_sidebars_width":0,"ocean_sidebar":"0","ocean_second_sidebar":"0","ocean_disable_margins":"enable","ocean_add_body_class":"","ocean_shortcode_before_top_bar":"","ocean_shortcode_after_top_bar":"","ocean_shortcode_before_header":"","ocean_shortcode_after_header":"","ocean_has_shortcode":"","ocean_shortcode_after_title":"","ocean_shortcode_before_footer_widgets":"","ocean_shortcode_after_footer_widgets":"","ocean_shortcode_before_footer_bottom":"","ocean_shortcode_after_footer_bottom":"","ocean_display_top_bar":"default","ocean_display_header":"default","ocean_header_style":"","ocean_center_header_left_menu":"0","ocean_custom_header_template":"0","ocean_custom_logo":0,"ocean_custom_retina_logo":0,"ocean_custom_logo_max_width":0,"ocean_custom_logo_tablet_max_width":0,"ocean_custom_logo_mobile_max_width":0,"ocean_custom_logo_max_height":0,"ocean_custom_logo_tablet_max_height":0,"ocean_custom_logo_mobile_max_height":0,"ocean_header_custom_menu":"0","ocean_menu_typo_font_family":"0","ocean_menu_typo_font_subset":"","ocean_menu_typo_font_size":0,"ocean_menu_typo_font_size_tablet":0,"ocean_menu_typo_font_size_mobile":0,"ocean_menu_typo_font_size_unit":"px","ocean_menu_typo_font_weight":"","ocean_menu_typo_font_weight_tablet":"","ocean_menu_typo_font_weight_mobile":"","ocean_menu_typo_transform":"","ocean_menu_typo_transform_tablet":"","ocean_menu_typo_transform_mobile":"","ocean_menu_typo_line_height":0,"ocean_menu_typo_line_height_tablet":0,"ocean_menu_typo_line_height_mobile":0,"ocean_menu_typo_line_height_unit":"","ocean_menu_typo_spacing":0,"ocean_menu_typo_spacing_tablet":0,"ocean_menu_typo_spacing_mobile":0,"ocean_menu_typo_spacing_unit":"","ocean_menu_link_color":"","ocean_menu_link_color_hover":"","ocean_menu_link_color_active":"","ocean_menu_link_background":"","ocean_menu_link_hover_background":"","ocean_menu_link_active_background":"","ocean_menu_social_links_bg":"","ocean_menu_social_hover_links_bg":"","ocean_menu_social_links_color":"","ocean_menu_social_hover_links_color":"","ocean_disable_title":"default","ocean_disable_heading":"default","ocean_post_title":"","ocean_post_subheading":"","ocean_post_title_style":"","ocean_post_title_background_color":"","ocean_post_title_background":0,"ocean_post_title_bg_image_position":"","ocean_post_title_bg_image_attachment":"","ocean_post_title_bg_image_repeat":"","ocean_post_title_bg_image_size":"","ocean_post_title_height":0,"ocean_post_title_bg_overlay":0.5,"ocean_post_title_bg_overlay_color":"","ocean_disable_breadcrumbs":"default","ocean_breadcrumbs_color":"","ocean_breadcrumbs_separator_color":"","ocean_breadcrumbs_links_color":"","ocean_breadcrumbs_links_hover_color":"","ocean_display_footer_widgets":"default","ocean_display_footer_bottom":"default","ocean_custom_footer_template":"0"},"product_brand":[],"product_cat":[190,186,184],"product_tag":[],"class_list":{"0":"post-8217","1":"product","2":"type-product","3":"status-publish","4":"has-post-thumbnail","6":"product_cat-formations-courtes-autres","7":"product_cat-formations-courtes-reiki","8":"product_cat-formations-courtes","10":"entry","11":"has-media","13":"first","14":"instock","15":"downloadable","16":"virtual","17":"sold-individually","18":"taxable","19":"purchasable","20":"product-type-simple","21":"col","22":"span_1_of_3","23":"owp-content-center","24":"item-entry","25":"owp-thumbs-layout-horizontal","26":"owp-btn-normal","27":"owp-tabs-layout-horizontal","28":"has-no-thumbnails","29":"circle-sale"},"booking_location":null,"booking_location_type":null,"booking_duration":null,"booking_duration_unit":null,"booking_buffer":null,"booking_cost":null,"booking_resources":null,"aioseo_notices":[],"_links":{"self":[{"href":"https:\/\/www.laurene-baldassara.com\/boutique\/wp-json\/wp\/v2\/product\/8217","targetHints":{"allow":["GET"]}}],"collection":[{"href":"https:\/\/www.laurene-baldassara.com\/boutique\/wp-json\/wp\/v2\/product"}],"about":[{"href":"https:\/\/www.laurene-baldassara.com\/boutique\/wp-json\/wp\/v2\/types\/product"}],"replies":[{"embeddable":true,"href":"https:\/\/www.laurene-baldassara.com\/boutique\/wp-json\/wp\/v2\/comments?post=8217"}],"version-history":[{"count":3,"href":"https:\/\/www.laurene-baldassara.com\/boutique\/wp-json\/wp\/v2\/product\/8217\/revisions"}],"predecessor-version":[{"id":23060,"href":"https:\/\/www.laurene-baldassara.com\/boutique\/wp-json\/wp\/v2\/product\/8217\/revisions\/23060"}],"wp:featuredmedia":[{"embeddable":true,"href":"https:\/\/www.laurene-baldassara.com\/boutique\/wp-json\/wp\/v2\/media\/17640"}],"wp:attachment":[{"href":"https:\/\/www.laurene-baldassara.com\/boutique\/wp-json\/wp\/v2\/media?parent=8217"}],"wp:term":[{"taxonomy":"product_brand","embeddable":true,"href":"https:\/\/www.laurene-baldassara.com\/boutique\/wp-json\/wp\/v2\/product_brand?post=8217"},{"taxonomy":"product_cat","embeddable":true,"href":"https:\/\/www.laurene-baldassara.com\/boutique\/wp-json\/wp\/v2\/product_cat?post=8217"},{"taxonomy":"product_tag","embeddable":true,"href":"https:\/\/www.laurene-baldassara.com\/boutique\/wp-json\/wp\/v2\/product_tag?post=8217"}],"curies":[{"name":"wp","href":"https:\/\/api.w.org\/{rel}","templated":true}]}}